{"id":1128,"date":"2022-02-28T09:57:07","date_gmt":"2022-02-28T08:57:07","guid":{"rendered":"https:\/\/www.editions-loubavitch.fr\/?post_type=product&#038;p=1128"},"modified":"2025-11-23T11:37:14","modified_gmt":"2025-11-23T10:37:14","slug":"un-jour-une-pensee-vol-13","status":"publish","type":"product","link":"https:\/\/www.editions-loubavitch.fr\/index.php\/produit\/un-jour-une-pensee-vol-13\/","title":{"rendered":"UN JOUR UNE PENS\u00c9E VOL.13 (2 tomes)"},"content":{"rendered":"<p>UN JOUR UNE PENS\u00c9E VOL.13 (2 tomes)<\/p>\n<p>Chaque jour une pens\u00e9e &lsquo;Hassidique bas\u00e9 sur les enseignements du Rabbi de Loubavitch<\/p>\n<p>Lorsque. le 3 Tamouz 5754. le Rabbi de Loubavitch quitta ce monde physique. chacun sentit que rien ne pourrait combler le trou b\u00e9ant qui se trouvait creus\u00e9 dans son existence? Le sentiment qui animait l&rsquo;ensemble du peuple juif. en ce 3 Tamouz, \u00e9tait celui que le Rabbi lui-m\u00eame avait exprim\u00e9 quelques jours apr\u00e8s le d\u00e9c\u00e8s de son beau-p\u00e8re. Il disait alors: \u2022 Il est encore difficile d&rsquo;\u00e9crire, en particulier pour \u00e9voquer le d\u00e9c\u00e8s. Car qui nous consolera et comment nous consolerons-nous? Mais. qui sait? Peut-on avoir la pr\u00e9tention de comprendre ce qui est cach\u00e9? En revanche, nous savons avec certitude que chaque juif et chaque juive sont des \u00ab\u00a0travailleurs du jour\u00a0\u00bb. Le Ts\u00e9ma&rsquo;h Ts\u00e9dek pr\u00e9cise que notre r\u00f4le consiste \u00e0 illuminer. Les Hassidim ont, dans ce domaine, une responsabilit\u00e9 particuli\u00e8re, car cette mission leur incombe, plus qu&rsquo;\u00e0 tout autre. Ils disposent. en effet, de toutes les forces n\u00e9cessaires pour la mener \u00e0 bien et le m\u00e9rite de leurs p\u00e8res les prot\u00e8ge. \u00bb Il est clair que ces forces r\u00e9sident avant tout dans les enseignements du Rabbi, qu&rsquo;il est donc primordial de consulter et d&rsquo;\u00e9tudier \u00e0 tout moment. C&rsquo;est en eux que l&rsquo;on peut trouver la r\u00e9ponse. l&rsquo;int\u00e9grit\u00e9 de l&rsquo;engagement juif d\u00e9pend. encore plus qu&rsquo;auparavant, de l&rsquo;attachement ind\u00e9fectible au Rabbi, qui ne peut \u00eatre acquis que par l&rsquo;\u00e9tude assidue de ses commentaires et de ses explications. Le pr\u00e9sent recueil propose une compilation de pens\u00e9es du Rabbi de Loubavitch, \u00e9tincelle de son magistral enseignement. Il permettra \u00e0 chacun, jour apr\u00e8s jour. d&rsquo;apprendre. de m\u00e9diter, de modifier son comportement et. avant tout, de vivre avec le Rabbi. Puissent ces merveilleuses le\u00e7ons d\u00e9livr\u00e9es par le Rabbi rythmer la cadence de nos existences et nous conduire \u00e0 vivre diff\u00e9remment ces derniers instants de l&rsquo;exil. afin d&rsquo;ouvrir les yeux. d&rsquo;\u00eatre pr\u00eats pour le grand d\u00e9voilement messianique. lorsqu&rsquo;enfin le Rabbi sera de nouveau \u00e0 notre t\u00eate.<\/p>\n<p>&nbsp;<\/p>\n","protected":false},"excerpt":{"rendered":"<p>UN JOUR UNE PENS\u00c9E VOL.13 (2 tomes)<\/p>\n<p>Chaque jour une pens\u00e9e &lsquo;Hassidique bas\u00e9 sur les enseignements du Rabbi de Loubavitch<\/p>\n","protected":false},"featured_media":1129,"template":"","meta":[],"product_brand":[],"product_cat":[104,94],"product_tag":[118,114,98,119],"class_list":{"0":"post-1128","1":"product","2":"type-product","3":"status-publish","4":"has-post-thumbnail","6":"product_cat-un-jour-une-pensee","7":"product_cat-livres","8":"product_tag-farbrenguen","9":"product_tag-le-rabbi","10":"product_tag-livres","11":"product_tag-rencontres-hassidiques","13":"first","14":"instock","15":"shipping-taxable","16":"purchasable","17":"product-type-simple"},"_links":{"self":[{"href":"https:\/\/www.editions-loubavitch.fr\/index.php\/wp-json\/wp\/v2\/product\/1128","targetHints":{"allow":["GET"]}}],"collection":[{"href":"https:\/\/www.editions-loubavitch.fr\/index.php\/wp-json\/wp\/v2\/product"}],"about":[{"href":"https:\/\/www.editions-loubavitch.fr\/index.php\/wp-json\/wp\/v2\/types\/product"}],"wp:featuredmedia":[{"embeddable":true,"href":"https:\/\/www.editions-loubavitch.fr\/index.php\/wp-json\/wp\/v2\/media\/1129"}],"wp:attachment":[{"href":"https:\/\/www.editions-loubavitch.fr\/index.php\/wp-json\/wp\/v2\/media?parent=1128"}],"wp:term":[{"taxonomy":"product_brand","embeddable":true,"href":"https:\/\/www.editions-loubavitch.fr\/index.php\/wp-json\/wp\/v2\/product_brand?post=1128"},{"taxonomy":"product_cat","embeddable":true,"href":"https:\/\/www.editions-loubavitch.fr\/index.php\/wp-json\/wp\/v2\/product_cat?post=1128"},{"taxonomy":"product_tag","embeddable":true,"href":"https:\/\/www.editions-loubavitch.fr\/index.php\/wp-json\/wp\/v2\/product_tag?post=1128"}],"curies":[{"name":"wp","href":"https:\/\/api.w.org\/{rel}","templated":true}]}}