{"id":1130,"date":"2022-02-28T10:13:02","date_gmt":"2022-02-28T09:13:02","guid":{"rendered":"https:\/\/www.editions-loubavitch.fr\/?post_type=product&#038;p=1130"},"modified":"2025-11-23T11:35:32","modified_gmt":"2025-11-23T10:35:32","slug":"consolation-et-apaisement-dans-le-deuilla-joie-de-vivre-copie","status":"publish","type":"product","link":"https:\/\/www.editions-loubavitch.fr\/index.php\/produit\/consolation-et-apaisement-dans-le-deuilla-joie-de-vivre-copie\/","title":{"rendered":"Consolation et apaisement dans le deuil"},"content":{"rendered":"<div id=\"short_description_content\" class=\"rte align_justify\">\n<p>Consolation et apaisement dans le deuil<\/p>\n<p>Celui qui est frapp\u00e9 par le deuil recherche, de mani\u00e8re naturelle, la consolation et l\u2019apaisement et, m\u00eame s\u2019il<br \/>\nne le fait pas, l\u2019amour du prochain fait obligation \u00e0 quiconque en a les moyens de les lui apporter. L\u2019objet du pr\u00e9sent recueil est de lui permettre de les trouver<br \/>\ndans les correspondances du Rabbi de Loubavitch, dont la richesse inestimable est bien connue et dans<br \/>\nlesquelles on trouve une pr\u00e9sentation \u00e0 la fois originale et traditionnelle de ces th\u00e8mes.<br \/>\nComme on le sait, le Rabbi, berger d\u2019Isra\u00ebl, r\u00e9pondait \u00e0 ceux qui l\u2019interrogeaient, guidait, consolait, venait en<br \/>\naide, sauvait et permettait \u00e0 ceux qui s\u2019\u00e9taient \u00e9gar\u00e9s de retrouver, avec la plus grande clart\u00e9, le chemin qu\u2019ils devaient suivre. Des hommes et des femmes d\u2019horizons<br \/>\ndiff\u00e9rents, ayant des personnalit\u00e9s diff\u00e9rentes, ont ainsi re\u00e7u des r\u00e9ponses, dans des lettres parfois longues et d\u00e9taill\u00e9es, d\u2019autres fois plus concises.<\/p>\n<\/div>\n","protected":false},"excerpt":{"rendered":"<div id=\"short_description_content\" class=\"rte align_justify\">\n<div id=\"short_description_content\" class=\"rte align_justify\">\n<p>Consolation et apaisement dans le deuil<br \/>\n\u00a0\u00bb Dans la d\u00e9tresse, je T\u2019invoque, Eternel \u00a0\u00bb<br \/>\nConsolation et apaisement dans le deuil<br \/>\nselon les correspondances du Rabbi de Loubavitch<\/p>\n<\/div>\n<\/div>\n","protected":false},"featured_media":1131,"template":"","meta":[],"product_brand":[],"product_cat":[94,23],"product_tag":[114,123],"class_list":{"0":"post-1130","1":"product","2":"type-product","3":"status-publish","4":"has-post-thumbnail","6":"product_cat-livres","7":"product_cat-non-classe","8":"product_tag-le-rabbi","9":"product_tag-perspectives-hassidique","11":"first","12":"instock","13":"shipping-taxable","14":"purchasable","15":"product-type-simple"},"_links":{"self":[{"href":"https:\/\/www.editions-loubavitch.fr\/index.php\/wp-json\/wp\/v2\/product\/1130","targetHints":{"allow":["GET"]}}],"collection":[{"href":"https:\/\/www.editions-loubavitch.fr\/index.php\/wp-json\/wp\/v2\/product"}],"about":[{"href":"https:\/\/www.editions-loubavitch.fr\/index.php\/wp-json\/wp\/v2\/types\/product"}],"wp:featuredmedia":[{"embeddable":true,"href":"https:\/\/www.editions-loubavitch.fr\/index.php\/wp-json\/wp\/v2\/media\/1131"}],"wp:attachment":[{"href":"https:\/\/www.editions-loubavitch.fr\/index.php\/wp-json\/wp\/v2\/media?parent=1130"}],"wp:term":[{"taxonomy":"product_brand","embeddable":true,"href":"https:\/\/www.editions-loubavitch.fr\/index.php\/wp-json\/wp\/v2\/product_brand?post=1130"},{"taxonomy":"product_cat","embeddable":true,"href":"https:\/\/www.editions-loubavitch.fr\/index.php\/wp-json\/wp\/v2\/product_cat?post=1130"},{"taxonomy":"product_tag","embeddable":true,"href":"https:\/\/www.editions-loubavitch.fr\/index.php\/wp-json\/wp\/v2\/product_tag?post=1130"}],"curies":[{"name":"wp","href":"https:\/\/api.w.org\/{rel}","templated":true}]}}