{"id":1132,"date":"2022-02-28T10:20:00","date_gmt":"2022-02-28T09:20:00","guid":{"rendered":"https:\/\/www.editions-loubavitch.fr\/?post_type=product&#038;p=1132"},"modified":"2026-01-07T00:27:22","modified_gmt":"2026-01-06T23:27:22","slug":"tsemah-tsedek-lumieres","status":"publish","type":"product","link":"https:\/\/www.editions-loubavitch.fr\/index.php\/produit\/tsemah-tsedek-lumieres\/","title":{"rendered":"LE TS\u00c9MA\u2019H TS\u00c9DEK ET LE MOUVEMENT DES LUMI\u00c8RES"},"content":{"rendered":"<p>LE TS\u00c9MA\u2019H TS\u00c9DEK ET LE MOUVEMENT DES LUMI\u00c8RES<\/p>\n<p>Le mouvement des Lumi\u00e8res fut l\u2019une des ramifications de la R\u00e9volution fran\u00e7aise et de l\u2019id\u00e9ologie napol\u00e9onienne, qui apporta aux Juifs une am\u00e9lioration significative de leur situation mat\u00e9rielle et, simultan\u00e9ment, une porte largement ouverte vers la perte des valeurs traditionnelles. De fait, on sait la lutte sans merci qui fut men\u00e9e par l\u2019Admour Hazaken pour emp\u00eacher l\u2019introduction en Russie des id\u00e9aux r\u00e9volutionnaires.<br \/>\nLa Haskala s\u2019\u00e9teignit apr\u00e8s les pogromes de 1880, m\u00eame si le Juda\u00efsme r\u00e9form\u00e9 en conserve encore l\u2019id\u00e9ologie, au moins jusqu\u2019\u00e0 un certain point. Le pr\u00e9sent document d\u00e9crit, par le d\u00e9tail, la s\u00e9v\u00e8re d\u00e9faite qui lui fut inflig\u00e9e en Russie, sous l\u2019impulsion du Ts\u00e9ma\u2019h Ts\u00e9dek.<br \/>\nUn texte de Rabbi Yossef Its\u2019hak se lit toujours avec une ferveur particuli\u00e8re. Il sait rendre vivants les \u00e9v\u00e9nements qu\u2019il d\u00e9crit et le lecteur peut avoir l\u2019impression que ceux-ci se d\u00e9roulent devant ses yeux. C\u2019est bien le cas de cet extrait de son journal personnel, qui tient le lecteur en haleine et d\u00e9crit l\u2019un des aspects du combat men\u00e9 par nos ma\u00eetres, en chaque g\u00e9n\u00e9ration, contre toutes les formes du mal, y compris celles, les plus insidieuses, qui \u00e9manent d\u2019hommes issus de notre peuple.<\/p>\n","protected":false},"excerpt":{"rendered":"<p>LE TS\u00c9MA\u2019H TS\u00c9DEK ET LE MOUVEMENT DES LUMI\u00c8RES<\/p>\n<p>Un extrait de la biographie du Ts\u00e9ma\u2019h Ts\u00e9dek, selon les carnets de Rabbi Yossef Its\u2019hak Schneersohn de Loubavitch<\/p>\n","protected":false},"featured_media":1133,"template":"","meta":[],"product_brand":[],"product_cat":[104,94],"product_tag":[118,114,98,119],"class_list":{"0":"post-1132","1":"product","2":"type-product","3":"status-publish","4":"has-post-thumbnail","6":"product_cat-un-jour-une-pensee","7":"product_cat-livres","8":"product_tag-farbrenguen","9":"product_tag-le-rabbi","10":"product_tag-livres","11":"product_tag-rencontres-hassidiques","13":"first","14":"outofstock","15":"shipping-taxable","16":"purchasable","17":"product-type-simple"},"_links":{"self":[{"href":"https:\/\/www.editions-loubavitch.fr\/index.php\/wp-json\/wp\/v2\/product\/1132","targetHints":{"allow":["GET"]}}],"collection":[{"href":"https:\/\/www.editions-loubavitch.fr\/index.php\/wp-json\/wp\/v2\/product"}],"about":[{"href":"https:\/\/www.editions-loubavitch.fr\/index.php\/wp-json\/wp\/v2\/types\/product"}],"wp:featuredmedia":[{"embeddable":true,"href":"https:\/\/www.editions-loubavitch.fr\/index.php\/wp-json\/wp\/v2\/media\/1133"}],"wp:attachment":[{"href":"https:\/\/www.editions-loubavitch.fr\/index.php\/wp-json\/wp\/v2\/media?parent=1132"}],"wp:term":[{"taxonomy":"product_brand","embeddable":true,"href":"https:\/\/www.editions-loubavitch.fr\/index.php\/wp-json\/wp\/v2\/product_brand?post=1132"},{"taxonomy":"product_cat","embeddable":true,"href":"https:\/\/www.editions-loubavitch.fr\/index.php\/wp-json\/wp\/v2\/product_cat?post=1132"},{"taxonomy":"product_tag","embeddable":true,"href":"https:\/\/www.editions-loubavitch.fr\/index.php\/wp-json\/wp\/v2\/product_tag?post=1132"}],"curies":[{"name":"wp","href":"https:\/\/api.w.org\/{rel}","templated":true}]}}