{"id":1484,"date":"2024-09-04T13:44:57","date_gmt":"2024-09-04T11:44:57","guid":{"rendered":"https:\/\/www.editions-loubavitch.fr\/?post_type=product&#038;p=1484"},"modified":"2025-01-23T16:51:34","modified_gmt":"2025-01-23T15:51:34","slug":"les-ephemerides-de-la-hassidout","status":"publish","type":"product","link":"https:\/\/www.editions-loubavitch.fr\/index.php\/produit\/les-ephemerides-de-la-hassidout\/","title":{"rendered":"Les \u00e9ph\u00e9m\u00e9rides de la Hassidout"},"content":{"rendered":"<p>Le Rabbi accordait une valeur particuli\u00e8re \u00e0 la dimension du temps et il savait faire de chaque moment une exp\u00e9rience particuli\u00e8re. Ainsi, chaque date poss\u00e8de dans son enseignement, un aspect particulier que toutes les autres n&rsquo;ont pas et c&rsquo;est pr\u00e9cis\u00e9ment le g\u00e9nie du Rabbi qui permet de le mettre en \u00e9vidence et d&rsquo;en tirer pleinement profit. Le pr\u00e9sent recueil de dates et d&rsquo;\u00e9v\u00e9nements importants dans |&rsquo;histoire de la &lsquo;Hassidout &lsquo;Habad permet- tra de mettre en pratique les termes du verset: ces jours sont comm\u00e9mor\u00e9s et rev\u00e9cus, de comm\u00e9morer ces dates de la mani\u00e8re qui convient, afin qu&rsquo;elles soient rev\u00e9cues dans toute leur ampleur, comme la premi\u00e8re\u00a0\u00a0fois.<\/p>\n","protected":false},"excerpt":{"rendered":"<p>Le Rabbi accordait une valeur particuli\u00e8re \u00e0 la dimension du temps et il savait faire de chaque moment une exp\u00e9rience particuli\u00e8re. Ainsi, chaque date poss\u00e8de dans son enseignement, un aspect particulier que toutes les autres n&rsquo;ont pas et c&rsquo;est pr\u00e9cis\u00e9ment le g\u00e9nie du Rabbi qui permet de le mettre en \u00e9vidence et d&rsquo;en tirer pleinement profit. Le pr\u00e9sent recueil de dates et d&rsquo;\u00e9v\u00e9nements importants dans |&rsquo;histoire de la &lsquo;Hassidout &lsquo;Habad permet- tra de mettre en pratique les termes du verset: ces jours sont comm\u00e9mor\u00e9s et rev\u00e9cus, de comm\u00e9morer ces dates de la mani\u00e8re qui convient, afin qu&rsquo;elles soient rev\u00e9cues dans toute leur ampleur, comme la premi\u00e8re\u00a0\u00a0fois.<\/p>\n","protected":false},"featured_media":1485,"template":"","meta":[],"product_brand":[],"product_cat":[94,23],"product_tag":[],"class_list":{"0":"post-1484","1":"product","2":"type-product","3":"status-publish","4":"has-post-thumbnail","6":"product_cat-livres","7":"product_cat-non-classe","9":"first","10":"outofstock","11":"shipping-taxable","12":"purchasable","13":"product-type-simple"},"_links":{"self":[{"href":"https:\/\/www.editions-loubavitch.fr\/index.php\/wp-json\/wp\/v2\/product\/1484","targetHints":{"allow":["GET"]}}],"collection":[{"href":"https:\/\/www.editions-loubavitch.fr\/index.php\/wp-json\/wp\/v2\/product"}],"about":[{"href":"https:\/\/www.editions-loubavitch.fr\/index.php\/wp-json\/wp\/v2\/types\/product"}],"wp:featuredmedia":[{"embeddable":true,"href":"https:\/\/www.editions-loubavitch.fr\/index.php\/wp-json\/wp\/v2\/media\/1485"}],"wp:attachment":[{"href":"https:\/\/www.editions-loubavitch.fr\/index.php\/wp-json\/wp\/v2\/media?parent=1484"}],"wp:term":[{"taxonomy":"product_brand","embeddable":true,"href":"https:\/\/www.editions-loubavitch.fr\/index.php\/wp-json\/wp\/v2\/product_brand?post=1484"},{"taxonomy":"product_cat","embeddable":true,"href":"https:\/\/www.editions-loubavitch.fr\/index.php\/wp-json\/wp\/v2\/product_cat?post=1484"},{"taxonomy":"product_tag","embeddable":true,"href":"https:\/\/www.editions-loubavitch.fr\/index.php\/wp-json\/wp\/v2\/product_tag?post=1484"}],"curies":[{"name":"wp","href":"https:\/\/api.w.org\/{rel}","templated":true}]}}