{"id":1616,"date":"2025-09-07T10:36:05","date_gmt":"2025-09-07T08:36:05","guid":{"rendered":"https:\/\/www.editions-loubavitch.fr\/?post_type=product&#038;p=1616"},"modified":"2025-09-08T12:34:16","modified_gmt":"2025-09-08T10:34:16","slug":"mezouza-sefarade-10-cm-parchemin-boitier","status":"publish","type":"product","link":"https:\/\/www.editions-loubavitch.fr\/index.php\/produit\/mezouza-sefarade-10-cm-parchemin-boitier\/","title":{"rendered":"Mezouza S\u00e9farade 10cm (parchemin + bo\u00eetier)"},"content":{"rendered":"<p>Parchemin de mezouza de 10 cm, \u00e9criture s\u00e9farade<br \/>\nBeth Loubavitch<br data-start=\"201\" data-end=\"204\" \/>Livr\u00e9 avec son bo\u00eetier de mezouza offert<\/p>\n","protected":false},"excerpt":{"rendered":"<p>Parchemin de mezouza de 10 cm, \u00e9criture s\u00e9farade<br \/>\nBeth Loubavitch<br data-start=\"201\" data-end=\"204\" \/>Livr\u00e9 avec son bo\u00eetier de mezouza offert<\/p>\n","protected":false},"featured_media":1618,"template":"","meta":[],"product_brand":[],"product_cat":[147],"product_tag":[],"class_list":{"0":"post-1616","1":"product","2":"type-product","3":"status-publish","4":"has-post-thumbnail","6":"product_cat-judaica","8":"first","9":"instock","10":"shipping-taxable","11":"purchasable","12":"product-type-simple"},"_links":{"self":[{"href":"https:\/\/www.editions-loubavitch.fr\/index.php\/wp-json\/wp\/v2\/product\/1616","targetHints":{"allow":["GET"]}}],"collection":[{"href":"https:\/\/www.editions-loubavitch.fr\/index.php\/wp-json\/wp\/v2\/product"}],"about":[{"href":"https:\/\/www.editions-loubavitch.fr\/index.php\/wp-json\/wp\/v2\/types\/product"}],"wp:featuredmedia":[{"embeddable":true,"href":"https:\/\/www.editions-loubavitch.fr\/index.php\/wp-json\/wp\/v2\/media\/1618"}],"wp:attachment":[{"href":"https:\/\/www.editions-loubavitch.fr\/index.php\/wp-json\/wp\/v2\/media?parent=1616"}],"wp:term":[{"taxonomy":"product_brand","embeddable":true,"href":"https:\/\/www.editions-loubavitch.fr\/index.php\/wp-json\/wp\/v2\/product_brand?post=1616"},{"taxonomy":"product_cat","embeddable":true,"href":"https:\/\/www.editions-loubavitch.fr\/index.php\/wp-json\/wp\/v2\/product_cat?post=1616"},{"taxonomy":"product_tag","embeddable":true,"href":"https:\/\/www.editions-loubavitch.fr\/index.php\/wp-json\/wp\/v2\/product_tag?post=1616"}],"curies":[{"name":"wp","href":"https:\/\/api.w.org\/{rel}","templated":true}]}}