{"id":1627,"date":"2025-09-08T15:05:44","date_gmt":"2025-09-08T13:05:44","guid":{"rendered":"https:\/\/www.editions-loubavitch.fr\/?post_type=product&#038;p=1627"},"modified":"2025-09-08T15:06:47","modified_gmt":"2025-09-08T13:06:47","slug":"likoutei-sihot-serie-5-berechit","status":"publish","type":"product","link":"https:\/\/www.editions-loubavitch.fr\/index.php\/produit\/likoutei-sihot-serie-5-berechit\/","title":{"rendered":"LIKOUTEI SI\u2019HOT S\u00c9RIE 5 &#8211; BERECHIT"},"content":{"rendered":"<p>Likoutei Si\u2019hot s\u00e9rie 5 sur le livre de Ber\u00e9chit De nombreux enseignements du Rabbi de Loubavitch, discours \u2018hassidiques, explications donn\u00e9es \u00e0 l\u2019occasion d\u2019une intervention publique, causeries, lettres, notes qu\u2019il r\u00e9digea pour son usage personnel, ont \u00e9t\u00e9 pr\u00e9sent\u00e9s, ces derni\u00e8res ann\u00e9es, au public francophone.<\/p>\n","protected":false},"excerpt":{"rendered":"<p>Likoutei Si\u2019hot s\u00e9rie 5 sur le livre de Ber\u00e9chit De nombreux enseignements du Rabbi de Loubavitch, discours \u2018hassidiques, explications donn\u00e9es \u00e0 l\u2019occasion d\u2019une intervention publique, causeries, lettres, notes qu\u2019il r\u00e9digea pour son usage personnel, ont \u00e9t\u00e9 pr\u00e9sent\u00e9s, ces derni\u00e8res ann\u00e9es, au public francophone.<\/p>\n","protected":false},"featured_media":1625,"template":"","meta":[],"product_brand":[],"product_cat":[99,94],"product_tag":[114,112,98],"class_list":{"0":"post-1627","1":"product","2":"type-product","3":"status-publish","4":"has-post-thumbnail","6":"product_cat-likoutei-sihot","7":"product_cat-livres","8":"product_tag-le-rabbi","9":"product_tag-likoutei-sihot","10":"product_tag-livres","12":"first","13":"instock","14":"shipping-taxable","15":"purchasable","16":"product-type-simple"},"_links":{"self":[{"href":"https:\/\/www.editions-loubavitch.fr\/index.php\/wp-json\/wp\/v2\/product\/1627","targetHints":{"allow":["GET"]}}],"collection":[{"href":"https:\/\/www.editions-loubavitch.fr\/index.php\/wp-json\/wp\/v2\/product"}],"about":[{"href":"https:\/\/www.editions-loubavitch.fr\/index.php\/wp-json\/wp\/v2\/types\/product"}],"wp:featuredmedia":[{"embeddable":true,"href":"https:\/\/www.editions-loubavitch.fr\/index.php\/wp-json\/wp\/v2\/media\/1625"}],"wp:attachment":[{"href":"https:\/\/www.editions-loubavitch.fr\/index.php\/wp-json\/wp\/v2\/media?parent=1627"}],"wp:term":[{"taxonomy":"product_brand","embeddable":true,"href":"https:\/\/www.editions-loubavitch.fr\/index.php\/wp-json\/wp\/v2\/product_brand?post=1627"},{"taxonomy":"product_cat","embeddable":true,"href":"https:\/\/www.editions-loubavitch.fr\/index.php\/wp-json\/wp\/v2\/product_cat?post=1627"},{"taxonomy":"product_tag","embeddable":true,"href":"https:\/\/www.editions-loubavitch.fr\/index.php\/wp-json\/wp\/v2\/product_tag?post=1627"}],"curies":[{"name":"wp","href":"https:\/\/api.w.org\/{rel}","templated":true}]}}