{"id":1761,"date":"2026-01-13T12:21:26","date_gmt":"2026-01-13T11:21:26","guid":{"rendered":"https:\/\/www.editions-loubavitch.fr\/?post_type=product&#038;p=1761"},"modified":"2026-01-26T10:56:36","modified_gmt":"2026-01-26T09:56:36","slug":"le-mariage-du-rabbi-rabbanit","status":"publish","type":"product","link":"https:\/\/www.editions-loubavitch.fr\/index.php\/produit\/le-mariage-du-rabbi-rabbanit\/","title":{"rendered":"Le Mariage du Rabbi et de la Rabbanit"},"content":{"rendered":"<p>Un livre \u00e9mouvant et riche en enseignements, Le Mariage du Rabbi et de la Rabbanite vous plonge dans l\u2019intimit\u00e9 et la grandeur d\u2019un couple d\u2019exception : le Rabbi de Loubavitch et son \u00e9pouse, la Rabbanite \u2018Haya Mouchka. \u00c0 travers des r\u00e9cits authentiques, des t\u00e9moignages et des d\u00e9tails souvent m\u00e9connus, cette \u00e9dition vous r\u00e9v\u00e8le la force spirituelle, la discr\u00e9tion et l\u2019amour profond qui ont uni ces deux g\u00e9ants du juda\u00efsme.<\/p>\n<p>Plus qu\u2019une biographie, c\u2019est une source d\u2019inspiration pour tous ceux qui cherchent \u00e0 construire un foyer fond\u00e9 sur des valeurs de saintet\u00e9, de respect et de d\u00e9vouement mutuel.<\/p>\n","protected":false},"excerpt":{"rendered":"<p>Un livre \u00e9mouvant et riche en enseignements, Le Mariage du Rabbi et de la Rabbanite vous plonge dans l\u2019intimit\u00e9 et la grandeur d\u2019un couple d\u2019exception : le Rabbi de Loubavitch et son \u00e9pouse, la Rabbanite \u2018Haya Mouchka. \u00c0 travers des r\u00e9cits authentiques, des t\u00e9moignages et des d\u00e9tails souvent m\u00e9connus, cette \u00e9dition vous r\u00e9v\u00e8le la force spirituelle, la discr\u00e9tion et l\u2019amour profond qui ont uni ces deux g\u00e9ants du juda\u00efsme.<\/p>\n<p>Plus qu\u2019une biographie, c\u2019est une source d\u2019inspiration pour tous ceux qui cherchent \u00e0 construire un foyer fond\u00e9 sur des valeurs de saintet\u00e9, de respect et de d\u00e9vouement mutuel.<\/p>\n","protected":false},"featured_media":1763,"template":"","meta":[],"product_brand":[],"product_cat":[94],"product_tag":[148,114],"class_list":{"0":"post-1761","1":"product","2":"type-product","3":"status-publish","4":"has-post-thumbnail","6":"product_cat-livres","7":"product_tag-iguerot-kodech","8":"product_tag-le-rabbi","10":"first","11":"instock","12":"shipping-taxable","13":"purchasable","14":"product-type-simple"},"_links":{"self":[{"href":"https:\/\/www.editions-loubavitch.fr\/index.php\/wp-json\/wp\/v2\/product\/1761","targetHints":{"allow":["GET"]}}],"collection":[{"href":"https:\/\/www.editions-loubavitch.fr\/index.php\/wp-json\/wp\/v2\/product"}],"about":[{"href":"https:\/\/www.editions-loubavitch.fr\/index.php\/wp-json\/wp\/v2\/types\/product"}],"wp:featuredmedia":[{"embeddable":true,"href":"https:\/\/www.editions-loubavitch.fr\/index.php\/wp-json\/wp\/v2\/media\/1763"}],"wp:attachment":[{"href":"https:\/\/www.editions-loubavitch.fr\/index.php\/wp-json\/wp\/v2\/media?parent=1761"}],"wp:term":[{"taxonomy":"product_brand","embeddable":true,"href":"https:\/\/www.editions-loubavitch.fr\/index.php\/wp-json\/wp\/v2\/product_brand?post=1761"},{"taxonomy":"product_cat","embeddable":true,"href":"https:\/\/www.editions-loubavitch.fr\/index.php\/wp-json\/wp\/v2\/product_cat?post=1761"},{"taxonomy":"product_tag","embeddable":true,"href":"https:\/\/www.editions-loubavitch.fr\/index.php\/wp-json\/wp\/v2\/product_tag?post=1761"}],"curies":[{"name":"wp","href":"https:\/\/api.w.org\/{rel}","templated":true}]}}