{"id":1785,"date":"2026-02-16T10:57:13","date_gmt":"2026-02-16T09:57:13","guid":{"rendered":"https:\/\/www.editions-loubavitch.fr\/?post_type=product&#038;p=1785"},"modified":"2026-02-16T10:58:19","modified_gmt":"2026-02-16T09:58:19","slug":"ledifice-eternel-vol-1","status":"publish","type":"product","link":"https:\/\/www.editions-loubavitch.fr\/index.php\/produit\/ledifice-eternel-vol-1\/","title":{"rendered":"L\u2019\u00e9difice \u00e9ternel Vol.1"},"content":{"rendered":"<p data-start=\"42\" data-end=\"630\">Pendant plus de quarante ans, le Rabbi a re\u00e7u des centaines de milliers de lettres sur les sujets les plus divers. Certaines \u00e9taient des demandes de conseils ou de b\u00e9n\u00e9dictions. De nombreuses lettres concernaient l\u2019harmonie dans le couple, les relations, les enfants, la fertilit\u00e9, et \u00e9taient accompagn\u00e9es d\u2019une demande de conseil ou d\u2019aide : une question sur la fa\u00e7on de r\u00e9soudre un probl\u00e8me et une demande de b\u00e9n\u00e9diction pour am\u00e9liorer la situation. Les r\u00e9ponses r\u00e9v\u00e8lent diff\u00e9rentes situations ; de leurs contenus on peut \u00e9galement comprendre les ant\u00e9c\u00e9dents diff\u00e9rents des demandeurs.<\/p>\n<p data-start=\"632\" data-end=\"1047\">En raison du nombre de lettres qui parvenaient au Rabbi, il fallait parfois un certain temps avant de recevoir une r\u00e9ponse. Mais les r\u00e9ponses sur l\u2019harmonie dans le couple avaient une priorit\u00e9 particuli\u00e8re. On peut le voir de nombreuses lettres, par exemple : \u00ab En r\u00e9ponse \u00e0 votre lettre et \u00e0 son contenu, je r\u00e9ponds sans suivre l\u2019ordre d\u2019arriv\u00e9e, vous y \u00e9crivez au sujet des relations entre un homme et sa femme. \u00bb<\/p>\n","protected":false},"excerpt":{"rendered":"<p>Amour, rencontres, mariage et vie conjugales d\u2019apr\u00e8s les conseils et les enseignements du Rabbi de Loubavitch<\/p>\n","protected":false},"featured_media":1788,"template":"","meta":[],"product_brand":[],"product_cat":[149],"product_tag":[],"class_list":{"0":"post-1785","1":"product","2":"type-product","3":"status-publish","4":"has-post-thumbnail","6":"product_cat-le-rabbi","8":"first","9":"instock","10":"shipping-taxable","11":"purchasable","12":"product-type-simple"},"_links":{"self":[{"href":"https:\/\/www.editions-loubavitch.fr\/index.php\/wp-json\/wp\/v2\/product\/1785","targetHints":{"allow":["GET"]}}],"collection":[{"href":"https:\/\/www.editions-loubavitch.fr\/index.php\/wp-json\/wp\/v2\/product"}],"about":[{"href":"https:\/\/www.editions-loubavitch.fr\/index.php\/wp-json\/wp\/v2\/types\/product"}],"wp:featuredmedia":[{"embeddable":true,"href":"https:\/\/www.editions-loubavitch.fr\/index.php\/wp-json\/wp\/v2\/media\/1788"}],"wp:attachment":[{"href":"https:\/\/www.editions-loubavitch.fr\/index.php\/wp-json\/wp\/v2\/media?parent=1785"}],"wp:term":[{"taxonomy":"product_brand","embeddable":true,"href":"https:\/\/www.editions-loubavitch.fr\/index.php\/wp-json\/wp\/v2\/product_brand?post=1785"},{"taxonomy":"product_cat","embeddable":true,"href":"https:\/\/www.editions-loubavitch.fr\/index.php\/wp-json\/wp\/v2\/product_cat?post=1785"},{"taxonomy":"product_tag","embeddable":true,"href":"https:\/\/www.editions-loubavitch.fr\/index.php\/wp-json\/wp\/v2\/product_tag?post=1785"}],"curies":[{"name":"wp","href":"https:\/\/api.w.org\/{rel}","templated":true}]}}