{"id":1791,"date":"2026-02-16T11:05:25","date_gmt":"2026-02-16T10:05:25","guid":{"rendered":"https:\/\/www.editions-loubavitch.fr\/?post_type=product&#038;p=1791"},"modified":"2026-02-16T11:08:09","modified_gmt":"2026-02-16T10:08:09","slug":"graines-de-sagesse-volume-1","status":"publish","type":"product","link":"https:\/\/www.editions-loubavitch.fr\/index.php\/produit\/graines-de-sagesse-volume-1\/","title":{"rendered":"Graines de sagesse \u2013 Volume 1"},"content":{"rendered":"<p data-start=\"42\" data-end=\"234\">\u00ab Graines de Sagesse \u00bb pr\u00e9sente des r\u00e9cits courts et prenants, choisis parmi des interviews unanimement appr\u00e9ci\u00e9s, reconnus et diffus\u00e9s par l\u2019organisation JEM : \u00ab Ma rencontre avec le Rabbi \u00bb.<\/p>\n<p data-start=\"236\" data-end=\"417\">Les personnes qui ont recherch\u00e9 aupr\u00e8s du Rabbi des conseils sur toutes sortes de questions et d\u2019\u00e9preuves de la vie, ont re\u00e7u de sa part, des r\u00e9ponses r\u00e9confortantes et stimulantes.<\/p>\n<p data-start=\"419\" data-end=\"633\">On y trouvera des \u00e9changes d\u2019une profondeur et d\u2019une lumineuse clart\u00e9 avec des enseignements essentiels quant aux relations avec les autres, l\u2019\u00e9ducation, la vie sociale, le couple, la Foi et le bien-\u00eatre personnel.<\/p>\n<p data-start=\"635\" data-end=\"636\">\u2014<\/p>\n<p data-start=\"638\" data-end=\"891\">\u201cDe magnifiques r\u00e9cits rapport\u00e9s du Rabbi de Loubavitch, Menachem Mendel Schneerson, un des plus grands guides et un des hommes les plus impr\u00e9gn\u00e9s de saintet\u00e9 de notre temps. Lisez-les et vous serez conquis. C\u2019est vraiment un enrichissement pour l\u2019\u00e2me\u201d.<\/p>\n<p data-start=\"893\" data-end=\"944\"><strong data-start=\"893\" data-end=\"916\">Lord Jonathan SACKS<\/strong><br data-start=\"916\" data-end=\"919\" \/>Grand-Rabbin d\u2019Angleterre<\/p>\n","protected":false},"excerpt":{"rendered":"<p>Des r\u00e9cits courts et prenants, choisis parmi des centaines d\u2019interviews unanimement appr\u00e9ci\u00e9s, reconnus et diffus\u00e9s par la soci\u00e9t\u00e9 JEM: \u00abMa rencontre avec le Rabbi\u00bb.<\/p>\n","protected":false},"featured_media":1792,"template":"","meta":[],"product_brand":[],"product_cat":[149],"product_tag":[],"class_list":{"0":"post-1791","1":"product","2":"type-product","3":"status-publish","4":"has-post-thumbnail","6":"product_cat-le-rabbi","8":"first","9":"instock","10":"shipping-taxable","11":"purchasable","12":"product-type-simple"},"_links":{"self":[{"href":"https:\/\/www.editions-loubavitch.fr\/index.php\/wp-json\/wp\/v2\/product\/1791","targetHints":{"allow":["GET"]}}],"collection":[{"href":"https:\/\/www.editions-loubavitch.fr\/index.php\/wp-json\/wp\/v2\/product"}],"about":[{"href":"https:\/\/www.editions-loubavitch.fr\/index.php\/wp-json\/wp\/v2\/types\/product"}],"wp:featuredmedia":[{"embeddable":true,"href":"https:\/\/www.editions-loubavitch.fr\/index.php\/wp-json\/wp\/v2\/media\/1792"}],"wp:attachment":[{"href":"https:\/\/www.editions-loubavitch.fr\/index.php\/wp-json\/wp\/v2\/media?parent=1791"}],"wp:term":[{"taxonomy":"product_brand","embeddable":true,"href":"https:\/\/www.editions-loubavitch.fr\/index.php\/wp-json\/wp\/v2\/product_brand?post=1791"},{"taxonomy":"product_cat","embeddable":true,"href":"https:\/\/www.editions-loubavitch.fr\/index.php\/wp-json\/wp\/v2\/product_cat?post=1791"},{"taxonomy":"product_tag","embeddable":true,"href":"https:\/\/www.editions-loubavitch.fr\/index.php\/wp-json\/wp\/v2\/product_tag?post=1791"}],"curies":[{"name":"wp","href":"https:\/\/api.w.org\/{rel}","templated":true}]}}