{"id":1796,"date":"2026-02-16T11:09:05","date_gmt":"2026-02-16T10:09:05","guid":{"rendered":"https:\/\/www.editions-loubavitch.fr\/?post_type=product&#038;p=1796"},"modified":"2026-02-16T11:11:48","modified_gmt":"2026-02-16T10:11:48","slug":"graines-de-sagesse-volume-2","status":"publish","type":"product","link":"https:\/\/www.editions-loubavitch.fr\/index.php\/produit\/graines-de-sagesse-volume-2\/","title":{"rendered":"Graines de sagesse \u2013 Volume 2"},"content":{"rendered":"<p data-start=\"42\" data-end=\"383\">Recueil des c\u00e9l\u00e8bres interviews de <em data-start=\"77\" data-end=\"106\">My Encounter with the Rebbe<\/em> de JEM, le second volume de Graines de Sagesse rapporte de courts r\u00e9cits qui \u00e9veillent l\u2019int\u00e9r\u00eat pour ces rencontres entre le Rabbi de Loubavitch et les gens qui recherchaient ses conseils. Les sujets trait\u00e9s couvrent un large \u00e9ventail de situations et de questions de la vie.<\/p>\n<p data-start=\"385\" data-end=\"560\">Ces \u00e9changes brefs mais intenses contiennent de v\u00e9ritables le\u00e7ons de vie dans de nombreux domaines : relations humaines, \u00e9ducation, responsabilit\u00e9, foi et bien-\u00eatre personnel.<\/p>\n<p data-start=\"562\" data-end=\"563\">\u2014<\/p>\n<p data-start=\"565\" data-end=\"605\">A propos de <em data-start=\"577\" data-end=\"594\">Seeds of Wisdom<\/em> volume 1 :<\/p>\n<p data-start=\"607\" data-end=\"869\">\u00ab Une collection passionnante de tranches de vie qui captive l\u2019attention de quiconque s\u2019int\u00e9resse \u00e0 la v\u00e9rit\u00e9, l\u2019inspiration, la connaissance et le bon sens. Chacune raconte une rencontre avec le plus grand visionnaire de l\u2019\u00e8re moderne, le Rabbi de Loubavitch \u00bb.<\/p>\n<p data-start=\"871\" data-end=\"902\"><strong data-start=\"871\" data-end=\"888\">Yehouda Avner<\/strong><br data-start=\"888\" data-end=\"891\" \/>Ambassadeur<\/p>\n","protected":false},"excerpt":{"rendered":"<p>Recueil des c\u00e9l\u00e8bres interviews de My Encounter with the Rebbe de JEM, le second volume de Graines de Sagesse rapporte de courts r\u00e9cits qui \u00e9veillent l\u2019int\u00e9r\u00eat pour ces rencontres entre le Rabbi de Loubavitch et les gens qui recherchaient ses conseils. Les sujets trait\u00e9s couvrent un large \u00e9ventail de situations et de questions de la vie.<\/p>\n<p>Ces \u00e9changes brefs mais intenses contiennent de v\u00e9ritables le\u00e7ons de vie dans de nombreux domaines : relations humaines, \u00e9ducation, responsabilit\u00e9, foi et bien-\u00eatre personnel.<\/p>\n","protected":false},"featured_media":1799,"template":"","meta":[],"product_brand":[],"product_cat":[149],"product_tag":[],"class_list":{"0":"post-1796","1":"product","2":"type-product","3":"status-publish","4":"has-post-thumbnail","6":"product_cat-le-rabbi","8":"first","9":"instock","10":"shipping-taxable","11":"purchasable","12":"product-type-simple"},"_links":{"self":[{"href":"https:\/\/www.editions-loubavitch.fr\/index.php\/wp-json\/wp\/v2\/product\/1796","targetHints":{"allow":["GET"]}}],"collection":[{"href":"https:\/\/www.editions-loubavitch.fr\/index.php\/wp-json\/wp\/v2\/product"}],"about":[{"href":"https:\/\/www.editions-loubavitch.fr\/index.php\/wp-json\/wp\/v2\/types\/product"}],"wp:featuredmedia":[{"embeddable":true,"href":"https:\/\/www.editions-loubavitch.fr\/index.php\/wp-json\/wp\/v2\/media\/1799"}],"wp:attachment":[{"href":"https:\/\/www.editions-loubavitch.fr\/index.php\/wp-json\/wp\/v2\/media?parent=1796"}],"wp:term":[{"taxonomy":"product_brand","embeddable":true,"href":"https:\/\/www.editions-loubavitch.fr\/index.php\/wp-json\/wp\/v2\/product_brand?post=1796"},{"taxonomy":"product_cat","embeddable":true,"href":"https:\/\/www.editions-loubavitch.fr\/index.php\/wp-json\/wp\/v2\/product_cat?post=1796"},{"taxonomy":"product_tag","embeddable":true,"href":"https:\/\/www.editions-loubavitch.fr\/index.php\/wp-json\/wp\/v2\/product_tag?post=1796"}],"curies":[{"name":"wp","href":"https:\/\/api.w.org\/{rel}","templated":true}]}}