{"id":1804,"date":"2026-02-16T11:21:59","date_gmt":"2026-02-16T10:21:59","guid":{"rendered":"https:\/\/www.editions-loubavitch.fr\/?post_type=product&#038;p=1804"},"modified":"2026-02-16T11:25:50","modified_gmt":"2026-02-16T10:25:50","slug":"le-rabbi-trouvera-un-moyen-vol-2","status":"publish","type":"product","link":"https:\/\/www.editions-loubavitch.fr\/index.php\/produit\/le-rabbi-trouvera-un-moyen-vol-2\/","title":{"rendered":"Le Rabbi trouvera un Moyen&#8230; Vol.2"},"content":{"rendered":"","protected":false},"excerpt":{"rendered":"<p>Un tr\u00e9sor de 45 nouvelles histoires personnelles ou la Rabbi continue de d\u00e9verser b\u00e9n\u00e9dictions, conseils et direction dans la vie.<\/p>\n","protected":false},"featured_media":1805,"template":"","meta":[],"product_brand":[],"product_cat":[149],"product_tag":[],"class_list":{"0":"post-1804","1":"product","2":"type-product","3":"status-publish","4":"has-post-thumbnail","6":"product_cat-le-rabbi","8":"first","9":"instock","10":"shipping-taxable","11":"purchasable","12":"product-type-simple"},"_links":{"self":[{"href":"https:\/\/www.editions-loubavitch.fr\/index.php\/wp-json\/wp\/v2\/product\/1804","targetHints":{"allow":["GET"]}}],"collection":[{"href":"https:\/\/www.editions-loubavitch.fr\/index.php\/wp-json\/wp\/v2\/product"}],"about":[{"href":"https:\/\/www.editions-loubavitch.fr\/index.php\/wp-json\/wp\/v2\/types\/product"}],"wp:featuredmedia":[{"embeddable":true,"href":"https:\/\/www.editions-loubavitch.fr\/index.php\/wp-json\/wp\/v2\/media\/1805"}],"wp:attachment":[{"href":"https:\/\/www.editions-loubavitch.fr\/index.php\/wp-json\/wp\/v2\/media?parent=1804"}],"wp:term":[{"taxonomy":"product_brand","embeddable":true,"href":"https:\/\/www.editions-loubavitch.fr\/index.php\/wp-json\/wp\/v2\/product_brand?post=1804"},{"taxonomy":"product_cat","embeddable":true,"href":"https:\/\/www.editions-loubavitch.fr\/index.php\/wp-json\/wp\/v2\/product_cat?post=1804"},{"taxonomy":"product_tag","embeddable":true,"href":"https:\/\/www.editions-loubavitch.fr\/index.php\/wp-json\/wp\/v2\/product_tag?post=1804"}],"curies":[{"name":"wp","href":"https:\/\/api.w.org\/{rel}","templated":true}]}}