{"id":253,"date":"2018-12-19T21:02:30","date_gmt":"2018-12-19T20:02:30","guid":{"rendered":"http:\/\/www.editions-loubavitch.fr\/?post_type=product&#038;p=253"},"modified":"2025-11-23T11:38:04","modified_gmt":"2025-11-23T10:38:04","slug":"sefer-ahava-du-rambam-vol-1","status":"publish","type":"product","link":"https:\/\/www.editions-loubavitch.fr\/index.php\/produit\/sefer-ahava-du-rambam-vol-1\/","title":{"rendered":"S\u00c9FER AHAVA DU RAMBAM VOL.2"},"content":{"rendered":"<p>S\u00e9fer Ahava du Rambam Vol.1<\/p>\n","protected":false},"excerpt":{"rendered":"<p>S\u00e9fer Ahava du Rambam Vol.1<\/p>\n<p>Sefer Ahava (Livre de l&rsquo;amour)<\/p>\n<p>Il comporte six trait\u00e9s. Ma\u00efmonide explique qu&rsquo;il entend inclure dans ce trait\u00e9 les commandements perp\u00e9tuels qui ont \u00e9t\u00e9 institu\u00e9s afin de favoriser et d&rsquo;exprimer l&rsquo;amour du divin par Isra\u00ebl. Parmi ces commandements sont inclus la r\u00e9citation du Shema Isra\u00ebl, les pri\u00e8res, les b\u00e9n\u00e9dictions et la circoncision cens\u00e9e marquer dans la chair le souvenir de l&rsquo;alliance.<\/p>\n<p>Premier trait\u00e9 : Qiryat Ch\u00e9ma (R\u00e9citation du Ch\u00e9ma Isra\u00ebl)<br \/>\nTrait\u00e9 compilant les lois et les d\u00e9tails de la r\u00e9citation quotidienne du Ch\u00e9ma Isra\u00ebl.<\/p>\n<p>Deuxi\u00e8me trait\u00e9 : T\u00e9filla ouvirkhat kohanim (Pri\u00e8re et b\u00e9n\u00e9diction des pr\u00eatres)<br \/>\nTraitant du culte synagogal en g\u00e9n\u00e9ral avec entre autres, les pri\u00e8res, lab\u00e9n\u00e9diction sacerdotale ou encore, des lois sur le comportement du fid\u00e8le au sein d&rsquo;une synagogue.<\/p>\n<p>Troisi\u00e8me trait\u00e9: T\u00e9fillin oum\u00e9zouza v\u00e9s\u00e9f\u00e8r tora (T\u00e9filine, M\u00e9zouza et rouleau de Torah)<br \/>\nLois sur les objets associ\u00e9s au culte juif.<\/p>\n<p>Quatri\u00e8me trait\u00e9: Tsitsit.<br \/>\nCinqui\u00e8me trait\u00e9: B\u00e9rakhot (B\u00e9n\u00e9dictions)<br \/>\nDes b\u00e9n\u00e9dictions dans le juda\u00efsme.<\/p>\n<p>Sixi\u00e8me trait\u00e9: Mila (Circoncision)<\/p>\n","protected":false},"featured_media":254,"template":"","meta":[],"product_brand":[],"product_cat":[94,102],"product_tag":[98,113,97],"class_list":{"0":"post-253","1":"product","2":"type-product","3":"status-publish","4":"has-post-thumbnail","6":"product_cat-livres","7":"product_cat-rambam-maimonide","8":"product_tag-livres","9":"product_tag-michne-thora","10":"product_tag-rambam","12":"first","13":"instock","14":"shipping-taxable","15":"purchasable","16":"product-type-simple"},"_links":{"self":[{"href":"https:\/\/www.editions-loubavitch.fr\/index.php\/wp-json\/wp\/v2\/product\/253","targetHints":{"allow":["GET"]}}],"collection":[{"href":"https:\/\/www.editions-loubavitch.fr\/index.php\/wp-json\/wp\/v2\/product"}],"about":[{"href":"https:\/\/www.editions-loubavitch.fr\/index.php\/wp-json\/wp\/v2\/types\/product"}],"wp:featuredmedia":[{"embeddable":true,"href":"https:\/\/www.editions-loubavitch.fr\/index.php\/wp-json\/wp\/v2\/media\/254"}],"wp:attachment":[{"href":"https:\/\/www.editions-loubavitch.fr\/index.php\/wp-json\/wp\/v2\/media?parent=253"}],"wp:term":[{"taxonomy":"product_brand","embeddable":true,"href":"https:\/\/www.editions-loubavitch.fr\/index.php\/wp-json\/wp\/v2\/product_brand?post=253"},{"taxonomy":"product_cat","embeddable":true,"href":"https:\/\/www.editions-loubavitch.fr\/index.php\/wp-json\/wp\/v2\/product_cat?post=253"},{"taxonomy":"product_tag","embeddable":true,"href":"https:\/\/www.editions-loubavitch.fr\/index.php\/wp-json\/wp\/v2\/product_tag?post=253"}],"curies":[{"name":"wp","href":"https:\/\/api.w.org\/{rel}","templated":true}]}}