{"id":333,"date":"2018-12-27T13:59:45","date_gmt":"2018-12-27T12:59:45","guid":{"rendered":"http:\/\/www.editions-loubavitch.fr\/?post_type=product&#038;p=333"},"modified":"2026-03-11T14:43:00","modified_gmt":"2026-03-11T13:43:00","slug":"les-cahiers-de-la-hassidout-n1","status":"publish","type":"product","link":"https:\/\/www.editions-loubavitch.fr\/index.php\/produit\/les-cahiers-de-la-hassidout-n1\/","title":{"rendered":"Les cahiers de la &lsquo;Hassidout N\u00b01"},"content":{"rendered":"<p>Les cahiers de la &lsquo;Hassidout N\u00b01 &#8211; La r\u00e9sidence de D. dans ce monde : Finalit\u00e9 de la cr\u00e9ation.<\/p>\n","protected":false},"excerpt":{"rendered":"<p>Les cahiers de la &lsquo;Hassidout N\u00b01 &#8211; La r\u00e9sidence de D. dans ce monde : Finalit\u00e9 de la cr\u00e9ation.<\/p>\n","protected":false},"featured_media":335,"template":"","meta":[],"product_brand":[],"product_cat":[105,94],"product_tag":[],"class_list":{"0":"post-333","1":"product","2":"type-product","3":"status-publish","4":"has-post-thumbnail","6":"product_cat-les-cahiers-de-la-hassidout","7":"product_cat-livres","9":"first","10":"outofstock","11":"sale","12":"shipping-taxable","13":"purchasable","14":"product-type-simple"},"_links":{"self":[{"href":"https:\/\/www.editions-loubavitch.fr\/index.php\/wp-json\/wp\/v2\/product\/333","targetHints":{"allow":["GET"]}}],"collection":[{"href":"https:\/\/www.editions-loubavitch.fr\/index.php\/wp-json\/wp\/v2\/product"}],"about":[{"href":"https:\/\/www.editions-loubavitch.fr\/index.php\/wp-json\/wp\/v2\/types\/product"}],"wp:featuredmedia":[{"embeddable":true,"href":"https:\/\/www.editions-loubavitch.fr\/index.php\/wp-json\/wp\/v2\/media\/335"}],"wp:attachment":[{"href":"https:\/\/www.editions-loubavitch.fr\/index.php\/wp-json\/wp\/v2\/media?parent=333"}],"wp:term":[{"taxonomy":"product_brand","embeddable":true,"href":"https:\/\/www.editions-loubavitch.fr\/index.php\/wp-json\/wp\/v2\/product_brand?post=333"},{"taxonomy":"product_cat","embeddable":true,"href":"https:\/\/www.editions-loubavitch.fr\/index.php\/wp-json\/wp\/v2\/product_cat?post=333"},{"taxonomy":"product_tag","embeddable":true,"href":"https:\/\/www.editions-loubavitch.fr\/index.php\/wp-json\/wp\/v2\/product_tag?post=333"}],"curies":[{"name":"wp","href":"https:\/\/api.w.org\/{rel}","templated":true}]}}