{"id":338,"date":"2018-12-27T14:04:55","date_gmt":"2018-12-27T13:04:55","guid":{"rendered":"http:\/\/www.editions-loubavitch.fr\/?post_type=product&#038;p=338"},"modified":"2025-11-23T11:37:29","modified_gmt":"2025-11-23T10:37:29","slug":"les-cahiers-de-la-hassidout-n3","status":"publish","type":"product","link":"https:\/\/www.editions-loubavitch.fr\/index.php\/produit\/les-cahiers-de-la-hassidout-n3\/","title":{"rendered":"Les cahiers de la &lsquo;Hassidout N\u00b03"},"content":{"rendered":"<p>Les cahiers de la &lsquo;Hassidout N\u00b03 Cr\u00e9atures inf\u00e9rieurs et r\u00e9sidence de D.ieu<\/p>\n","protected":false},"excerpt":{"rendered":"<p>Les cahiers de la &lsquo;Hassidout N\u00b03 Cr\u00e9atures inf\u00e9rieurs et r\u00e9sidence de D.ieu<\/p>\n","protected":false},"featured_media":339,"template":"","meta":[],"product_brand":[],"product_cat":[105,94],"product_tag":[],"class_list":{"0":"post-338","1":"product","2":"type-product","3":"status-publish","4":"has-post-thumbnail","6":"product_cat-les-cahiers-de-la-hassidout","7":"product_cat-livres","9":"first","10":"instock","11":"sale","12":"shipping-taxable","13":"purchasable","14":"product-type-simple"},"_links":{"self":[{"href":"https:\/\/www.editions-loubavitch.fr\/index.php\/wp-json\/wp\/v2\/product\/338","targetHints":{"allow":["GET"]}}],"collection":[{"href":"https:\/\/www.editions-loubavitch.fr\/index.php\/wp-json\/wp\/v2\/product"}],"about":[{"href":"https:\/\/www.editions-loubavitch.fr\/index.php\/wp-json\/wp\/v2\/types\/product"}],"wp:featuredmedia":[{"embeddable":true,"href":"https:\/\/www.editions-loubavitch.fr\/index.php\/wp-json\/wp\/v2\/media\/339"}],"wp:attachment":[{"href":"https:\/\/www.editions-loubavitch.fr\/index.php\/wp-json\/wp\/v2\/media?parent=338"}],"wp:term":[{"taxonomy":"product_brand","embeddable":true,"href":"https:\/\/www.editions-loubavitch.fr\/index.php\/wp-json\/wp\/v2\/product_brand?post=338"},{"taxonomy":"product_cat","embeddable":true,"href":"https:\/\/www.editions-loubavitch.fr\/index.php\/wp-json\/wp\/v2\/product_cat?post=338"},{"taxonomy":"product_tag","embeddable":true,"href":"https:\/\/www.editions-loubavitch.fr\/index.php\/wp-json\/wp\/v2\/product_tag?post=338"}],"curies":[{"name":"wp","href":"https:\/\/api.w.org\/{rel}","templated":true}]}}