{"id":378,"date":"2018-12-27T14:52:20","date_gmt":"2018-12-27T13:52:20","guid":{"rendered":"http:\/\/www.editions-loubavitch.fr\/?post_type=product&#038;p=378"},"modified":"2021-01-05T11:17:19","modified_gmt":"2021-01-05T10:17:19","slug":"sefer-kiniane-du-rambam-vol-12","status":"publish","type":"product","link":"https:\/\/www.editions-loubavitch.fr\/index.php\/produit\/sefer-kiniane-du-rambam-vol-12\/","title":{"rendered":"S\u00c9FER KINIANE DU RAMBAM VOL.12"},"content":{"rendered":"<p>Achev\u00e9 en 1178, le Michn\u00e9 Thora est sans doute l\u2019\u0153uvre majeure de Ma\u00efmonide, une \u0153uvre \u00e0 laquelle il consacra dix ann\u00e9es de sa vie. Elle expose de mani\u00e8re syst\u00e9matique l\u2019ensemble des lois de la Thora jusque l\u00e0 \u00e9parpill\u00e9es dans l\u2019oc\u00e9an du Talmud. Le Michn\u00e9 Thora est donc le premier Code des lois juives de l\u2019histoire, compos\u00e9 de quatorze livres. La grandiose ambition du Michn\u00e9 Thora, l\u2019immense \u00e9rudition n\u00e9cessaire \u00e0 sa composition, suffisent \u00e0 justifier l\u2019adage bien connu, grav\u00e9 sur la tombe de Ma\u00efmonide : \u00ab De Mo\u00efse \u00e0 Mo\u00efse, il n\u2019y eut personne comme Mo\u00efse \u00bb. On l\u2019a compris, le premier ici d\u00e9sign\u00e9 est notre ma\u00eetre Mo\u00efse qui re\u00e7ut la Thora au Sina\u00ef et le second est Ma\u00efmonide dont l\u2019\u0153uvre permet \u00e0 chacun l\u2019\u00e9tude de la Thora toute enti\u00e8re.<\/p>\n","protected":false},"excerpt":{"rendered":"<p>S\u00e9fer Kiniane du Rambam Vol.12<\/p>\n","protected":false},"featured_media":254,"template":"","meta":[],"product_brand":[],"product_cat":[102,94],"product_tag":[98,113,97],"class_list":{"0":"post-378","1":"product","2":"type-product","3":"status-publish","4":"has-post-thumbnail","6":"product_cat-rambam-maimonide","7":"product_cat-livres","8":"product_tag-livres","9":"product_tag-michne-thora","10":"product_tag-rambam","12":"first","13":"instock","14":"shipping-taxable","15":"purchasable","16":"product-type-simple"},"_links":{"self":[{"href":"https:\/\/www.editions-loubavitch.fr\/index.php\/wp-json\/wp\/v2\/product\/378","targetHints":{"allow":["GET"]}}],"collection":[{"href":"https:\/\/www.editions-loubavitch.fr\/index.php\/wp-json\/wp\/v2\/product"}],"about":[{"href":"https:\/\/www.editions-loubavitch.fr\/index.php\/wp-json\/wp\/v2\/types\/product"}],"wp:featuredmedia":[{"embeddable":true,"href":"https:\/\/www.editions-loubavitch.fr\/index.php\/wp-json\/wp\/v2\/media\/254"}],"wp:attachment":[{"href":"https:\/\/www.editions-loubavitch.fr\/index.php\/wp-json\/wp\/v2\/media?parent=378"}],"wp:term":[{"taxonomy":"product_brand","embeddable":true,"href":"https:\/\/www.editions-loubavitch.fr\/index.php\/wp-json\/wp\/v2\/product_brand?post=378"},{"taxonomy":"product_cat","embeddable":true,"href":"https:\/\/www.editions-loubavitch.fr\/index.php\/wp-json\/wp\/v2\/product_cat?post=378"},{"taxonomy":"product_tag","embeddable":true,"href":"https:\/\/www.editions-loubavitch.fr\/index.php\/wp-json\/wp\/v2\/product_tag?post=378"}],"curies":[{"name":"wp","href":"https:\/\/api.w.org\/{rel}","templated":true}]}}