{"id":380,"date":"2018-12-27T14:54:55","date_gmt":"2018-12-27T13:54:55","guid":{"rendered":"http:\/\/www.editions-loubavitch.fr\/?post_type=product&#038;p=380"},"modified":"2025-11-23T11:38:13","modified_gmt":"2025-11-23T10:38:13","slug":"sefer-hamitsvot-harambam","status":"publish","type":"product","link":"https:\/\/www.editions-loubavitch.fr\/index.php\/produit\/sefer-hamitsvot-harambam\/","title":{"rendered":"SEFER HAMITSVOT HARAMBAM"},"content":{"rendered":"<p>Le Sefer Hamitsvot (livre des commandements) \u00e9crit par Rabbi Moshe Ben MaiMone, d\u00e9sign\u00e9 souvent sous le nom de Rambam MaImonide, \u00e9tablit la nomenclature de l&rsquo;ensemble des 613 commandements de la Torah. A ce titre, il a toujours constitu\u00e9 un ouvrage fondamental pour celui qui souhaite p\u00e9n\u00e9trer les lois de la Torah dans leur totalit\u00e9 et acc\u00e9der a leurs sources<\/p>\n","protected":false},"excerpt":{"rendered":"<p>Le Sefer Hamitsvot (livre des commandements) \u00e9crit par Rabbi Moshe Ben MaiMone, d\u00e9sign\u00e9 souvent sous le nom de Rambam MaImonide, \u00e9tablit la nomenclature de l&rsquo;ensemble des 613 commandements de la Torah. A ce titre, il a toujours constitu\u00e9 un ouvrage fondamental pour celui qui souhaite p\u00e9n\u00e9trer les lois de la Torah dans leur totalit\u00e9 et acc\u00e9der a leurs sources<\/p>\n","protected":false},"featured_media":1358,"template":"","meta":[],"product_brand":[],"product_cat":[102,94],"product_tag":[98,113,97],"class_list":{"0":"post-380","1":"product","2":"type-product","3":"status-publish","4":"has-post-thumbnail","6":"product_cat-rambam-maimonide","7":"product_cat-livres","8":"product_tag-livres","9":"product_tag-michne-thora","10":"product_tag-rambam","12":"first","13":"outofstock","14":"shipping-taxable","15":"purchasable","16":"product-type-simple"},"_links":{"self":[{"href":"https:\/\/www.editions-loubavitch.fr\/index.php\/wp-json\/wp\/v2\/product\/380","targetHints":{"allow":["GET"]}}],"collection":[{"href":"https:\/\/www.editions-loubavitch.fr\/index.php\/wp-json\/wp\/v2\/product"}],"about":[{"href":"https:\/\/www.editions-loubavitch.fr\/index.php\/wp-json\/wp\/v2\/types\/product"}],"wp:featuredmedia":[{"embeddable":true,"href":"https:\/\/www.editions-loubavitch.fr\/index.php\/wp-json\/wp\/v2\/media\/1358"}],"wp:attachment":[{"href":"https:\/\/www.editions-loubavitch.fr\/index.php\/wp-json\/wp\/v2\/media?parent=380"}],"wp:term":[{"taxonomy":"product_brand","embeddable":true,"href":"https:\/\/www.editions-loubavitch.fr\/index.php\/wp-json\/wp\/v2\/product_brand?post=380"},{"taxonomy":"product_cat","embeddable":true,"href":"https:\/\/www.editions-loubavitch.fr\/index.php\/wp-json\/wp\/v2\/product_cat?post=380"},{"taxonomy":"product_tag","embeddable":true,"href":"https:\/\/www.editions-loubavitch.fr\/index.php\/wp-json\/wp\/v2\/product_tag?post=380"}],"curies":[{"name":"wp","href":"https:\/\/api.w.org\/{rel}","templated":true}]}}