{"id":396,"date":"2018-12-27T15:24:42","date_gmt":"2018-12-27T14:24:42","guid":{"rendered":"http:\/\/www.editions-loubavitch.fr\/?post_type=product&#038;p=396"},"modified":"2025-11-23T11:37:29","modified_gmt":"2025-11-23T10:37:29","slug":"lecons-de-tanya-vol-4","status":"publish","type":"product","link":"https:\/\/www.editions-loubavitch.fr\/index.php\/produit\/lecons-de-tanya-vol-4\/","title":{"rendered":"LE\u00c7ONS DE TANYA VOL.4"},"content":{"rendered":"<p>Il y a plus de deux cent ans, en 1796, paraissait pour la premi\u00e8re fois le Tanya. Dans cette oeuvre fondatrice, Rabbi Chn\u00e9our Zalman de Lyadi (1745-1812) faisait un expos\u00e9 m\u00e9thodique de la pens\u00e9e hassidique \u2018Habad,pr\u00e9sentant les enseignements \u00e9sot\u00e9riques du Baal Chem Tov en les resituant dans le cadre de la pens\u00e9e talmudique traditionnelle.Plus de 3 000 r\u00e9\u00e9ditions en ont \u00e9t\u00e9 publi\u00e9es.<\/p>\n","protected":false},"excerpt":{"rendered":"<p>Le\u00e7ons de Tanya chapitre Vol.4<br \/>\nIgueret Hakodech chapitre 1 &#8211; 20<\/p>\n","protected":false},"featured_media":222,"template":"","meta":[],"product_brand":[],"product_cat":[96,94],"product_tag":[115,98,109],"class_list":{"0":"post-396","1":"product","2":"type-product","3":"status-publish","4":"has-post-thumbnail","6":"product_cat-tanya","7":"product_cat-livres","8":"product_tag-admour-hazaken","9":"product_tag-livres","10":"product_tag-tanya","12":"first","13":"instock","14":"shipping-taxable","15":"purchasable","16":"product-type-simple"},"_links":{"self":[{"href":"https:\/\/www.editions-loubavitch.fr\/index.php\/wp-json\/wp\/v2\/product\/396","targetHints":{"allow":["GET"]}}],"collection":[{"href":"https:\/\/www.editions-loubavitch.fr\/index.php\/wp-json\/wp\/v2\/product"}],"about":[{"href":"https:\/\/www.editions-loubavitch.fr\/index.php\/wp-json\/wp\/v2\/types\/product"}],"wp:featuredmedia":[{"embeddable":true,"href":"https:\/\/www.editions-loubavitch.fr\/index.php\/wp-json\/wp\/v2\/media\/222"}],"wp:attachment":[{"href":"https:\/\/www.editions-loubavitch.fr\/index.php\/wp-json\/wp\/v2\/media?parent=396"}],"wp:term":[{"taxonomy":"product_brand","embeddable":true,"href":"https:\/\/www.editions-loubavitch.fr\/index.php\/wp-json\/wp\/v2\/product_brand?post=396"},{"taxonomy":"product_cat","embeddable":true,"href":"https:\/\/www.editions-loubavitch.fr\/index.php\/wp-json\/wp\/v2\/product_cat?post=396"},{"taxonomy":"product_tag","embeddable":true,"href":"https:\/\/www.editions-loubavitch.fr\/index.php\/wp-json\/wp\/v2\/product_tag?post=396"}],"curies":[{"name":"wp","href":"https:\/\/api.w.org\/{rel}","templated":true}]}}