{"id":404,"date":"2018-12-27T18:31:23","date_gmt":"2018-12-27T17:31:23","guid":{"rendered":"http:\/\/www.editions-loubavitch.fr\/?post_type=product&#038;p=404"},"modified":"2025-11-23T11:38:04","modified_gmt":"2025-11-23T10:38:04","slug":"un-edifice-eternel","status":"publish","type":"product","link":"https:\/\/www.editions-loubavitch.fr\/index.php\/produit\/un-edifice-eternel\/","title":{"rendered":"UN \u00c9DIFICE \u00c9TERNEL"},"content":{"rendered":"<p>Le mariage est un \u00e9v\u00e9nement fondamental de la vie d&rsquo;un homme ou d&rsquo;une femme. Il constitue un engagement pour la vie et la mani\u00e8re dont il est pr\u00e9par\u00e9 conditionne l&rsquo;\u00e9dification d&rsquo;un foyer juif, canal et r\u00e9ceptacle de la b\u00e9n\u00e9diction divine. Cette pr\u00e9paration, pour qu&rsquo;elle soit faite en connaissance de cause, suppose la prise de conscience pr\u00e9alable de tous les \u00e9l\u00e9ments qui permettront de faire le bon choix, parmi toutes les propositions que l&rsquo;on recevra, le moment venu. Et, la pens\u00e9e &lsquo;hassidique souligne que la naissance d&rsquo;un enfant, aboutissement de la construction de cet \u00e9difice \u00e9ternel, est \u00ab\u00a0la r\u00e9v\u00e9lation de la Lumi\u00e8re infinie de D.ieu au sein de la mati\u00e8re\u00a0\u00bb.<br \/>\nNotre g\u00e9n\u00e9ration a eu le m\u00e9rite d&rsquo;obtenir, ces derni\u00e8res ann\u00e9es, la r\u00e9v\u00e9lation des tr\u00e9sors d&rsquo;explications et de conseils que l&rsquo;on trouve dans l&rsquo;abondante correspondance du Rabbi de Loubavitch. Ces lettres adress\u00e9es litt\u00e9ralement \u00e0 l&rsquo;ensemble du peuple juif, honorables Rabbanim ou jeunes \u00e9tudiants, &lsquo;Hassidim fervents &lsquo;ou simples Juifs, hommes respectant scrupuleusement les Mitsvot ou ceux dont la pratique peut encore s&rsquo;am\u00e9liorer, traitent de l&rsquo;ensemble des aspects de la vie juive. Elles d\u00e9crivent, en particulier, les fian\u00e7ailles et le mariage dans l&rsquo;optique de la Tradition &lsquo;hassidique, qui leur conf\u00e8re leur dimension v\u00e9ritable. Elles permettent, de la mani\u00e8re la plus efficace, d&rsquo;apporter une r\u00e9ponse, \u00e0 la fois moderne et fid\u00e8le aux sources, \u00e0 toutes les questions \u00e9voqu\u00e9es ci-dessus. Le but du pr\u00e9sent recueil est de les mettre \u00e0 la port\u00e9e du public francophone.<\/p>\n","protected":false},"excerpt":{"rendered":"<div id=\"short_description_content\" class=\"rte align_justify\">\u00a0Perspectives &lsquo;Hassidique sur les fian\u00e7ailles et le mariage<\/div>\n","protected":false},"featured_media":405,"template":"","meta":[],"product_brand":[],"product_cat":[23],"product_tag":[114,122,123],"class_list":{"0":"post-404","1":"product","2":"type-product","3":"status-publish","4":"has-post-thumbnail","6":"product_cat-non-classe","7":"product_tag-le-rabbi","8":"product_tag-mariage","9":"product_tag-perspectives-hassidique","11":"first","12":"outofstock","13":"shipping-taxable","14":"purchasable","15":"product-type-simple"},"_links":{"self":[{"href":"https:\/\/www.editions-loubavitch.fr\/index.php\/wp-json\/wp\/v2\/product\/404","targetHints":{"allow":["GET"]}}],"collection":[{"href":"https:\/\/www.editions-loubavitch.fr\/index.php\/wp-json\/wp\/v2\/product"}],"about":[{"href":"https:\/\/www.editions-loubavitch.fr\/index.php\/wp-json\/wp\/v2\/types\/product"}],"wp:featuredmedia":[{"embeddable":true,"href":"https:\/\/www.editions-loubavitch.fr\/index.php\/wp-json\/wp\/v2\/media\/405"}],"wp:attachment":[{"href":"https:\/\/www.editions-loubavitch.fr\/index.php\/wp-json\/wp\/v2\/media?parent=404"}],"wp:term":[{"taxonomy":"product_brand","embeddable":true,"href":"https:\/\/www.editions-loubavitch.fr\/index.php\/wp-json\/wp\/v2\/product_brand?post=404"},{"taxonomy":"product_cat","embeddable":true,"href":"https:\/\/www.editions-loubavitch.fr\/index.php\/wp-json\/wp\/v2\/product_cat?post=404"},{"taxonomy":"product_tag","embeddable":true,"href":"https:\/\/www.editions-loubavitch.fr\/index.php\/wp-json\/wp\/v2\/product_tag?post=404"}],"curies":[{"name":"wp","href":"https:\/\/api.w.org\/{rel}","templated":true}]}}