{"id":414,"date":"2018-12-27T18:42:18","date_gmt":"2018-12-27T17:42:18","guid":{"rendered":"http:\/\/www.editions-loubavitch.fr\/?post_type=product&#038;p=414"},"modified":"2025-11-23T11:38:24","modified_gmt":"2025-11-23T10:38:24","slug":"tehilim-hebreu-francais","status":"publish","type":"product","link":"https:\/\/www.editions-loubavitch.fr\/index.php\/produit\/tehilim-hebreu-francais\/","title":{"rendered":"TEHILIM H\u00c9BREU &#8211; FRAN\u00c7AIS"},"content":{"rendered":"<p>Tehilim H\u00e9breu &#8211; Fran\u00e7ais Le livre de Tehilim Ohel Yossef Its\u2019hak, est agr\u00e9ment\u00e9 d\u2019un bref commentaire sur la port\u00e9e de chaque Psaume, de quelques pri\u00e8res et de diff\u00e9rents textes.<\/p>\n","protected":false},"excerpt":{"rendered":"<div id=\"short_description_content\" class=\"rte align_justify\">Tehilim H\u00e9breu &#8211; Fran\u00e7ais Le livre de Tehilim Ohel Yossef Its\u2019hak, est agr\u00e9ment\u00e9 d\u2019un bref commentaire sur la port\u00e9e de chaque Psaume, de quelques pri\u00e8res et de diff\u00e9rents textes.<\/div>\n","protected":false},"featured_media":415,"template":"","meta":[],"product_brand":[],"product_cat":[94,23],"product_tag":[129,132,126,131,130],"class_list":{"0":"post-414","1":"product","2":"type-product","3":"status-publish","4":"has-post-thumbnail","6":"product_cat-livres","7":"product_cat-non-classe","8":"product_tag-priere","9":"product_tag-psaumes","10":"product_tag-siddour","11":"product_tag-tehilim","12":"product_tag-yom-kippour","14":"first","15":"outofstock","16":"shipping-taxable","17":"purchasable","18":"product-type-simple"},"_links":{"self":[{"href":"https:\/\/www.editions-loubavitch.fr\/index.php\/wp-json\/wp\/v2\/product\/414","targetHints":{"allow":["GET"]}}],"collection":[{"href":"https:\/\/www.editions-loubavitch.fr\/index.php\/wp-json\/wp\/v2\/product"}],"about":[{"href":"https:\/\/www.editions-loubavitch.fr\/index.php\/wp-json\/wp\/v2\/types\/product"}],"wp:featuredmedia":[{"embeddable":true,"href":"https:\/\/www.editions-loubavitch.fr\/index.php\/wp-json\/wp\/v2\/media\/415"}],"wp:attachment":[{"href":"https:\/\/www.editions-loubavitch.fr\/index.php\/wp-json\/wp\/v2\/media?parent=414"}],"wp:term":[{"taxonomy":"product_brand","embeddable":true,"href":"https:\/\/www.editions-loubavitch.fr\/index.php\/wp-json\/wp\/v2\/product_brand?post=414"},{"taxonomy":"product_cat","embeddable":true,"href":"https:\/\/www.editions-loubavitch.fr\/index.php\/wp-json\/wp\/v2\/product_cat?post=414"},{"taxonomy":"product_tag","embeddable":true,"href":"https:\/\/www.editions-loubavitch.fr\/index.php\/wp-json\/wp\/v2\/product_tag?post=414"}],"curies":[{"name":"wp","href":"https:\/\/api.w.org\/{rel}","templated":true}]}}