{"id":416,"date":"2018-12-27T18:43:49","date_gmt":"2018-12-27T17:43:49","guid":{"rendered":"http:\/\/www.editions-loubavitch.fr\/?post_type=product&#038;p=416"},"modified":"2025-11-23T11:37:30","modified_gmt":"2025-11-23T10:37:30","slug":"laction-du-rabbi-de-loubavitch-en-terre-dislam","status":"publish","type":"product","link":"https:\/\/www.editions-loubavitch.fr\/index.php\/produit\/laction-du-rabbi-de-loubavitch-en-terre-dislam\/","title":{"rendered":"L&rsquo;ACTION DU RABBI DE LOUBAVITCH EN TERRE D&rsquo;ISLAM"},"content":{"rendered":"<p>Le Rabbi f\u00e9d\u00e9ra les enfants juifs du monde entier dans les Tsivot Hachem, les \u00ab arm\u00e9es de D.ieu \u00bb et il apparut lui-m\u00eame comme le \u00ab commandant-en-chef \u00bb de cette ann\u00e9e, dirigeant les op\u00e9rations dans le combat contre les forces du mal. Il en fit de m\u00eame pour les adultes et il parvint ainsi \u00e0 rapprocher la Parole de D.ieu de chaque Juif, o\u00f9 qu&rsquo;il se trouve, dans le monde.<\/p>\n<p>Il fut ainsi \u00e0 l&rsquo;origine du mouvement de Techouva qui caract\u00e9rise la pr\u00e9sente \u00e9poque.\u00a0Ce combat prend, en revanche, une valeur particuli\u00e8re quand il est men\u00e9 dans un environnement hostile. Les soldats qui luttent au quotidien et mettent en pratique les instructions du commandant-en-chef se trouvent alors, \u00e0 proprement parler, au front.<\/p>\n<p>Le but du pr\u00e9sent recueil, essentiellement bas\u00e9 sur des articles publi\u00e9s par le magazine Kfar &lsquo;Habad, l&rsquo;organe des jeunes de l&rsquo;association &lsquo;Habad en Terre sainte, est de pr\u00e9senter l&rsquo;action du Rabbi en terre d&rsquo;Islam, gr\u00e2ce \u00e0 l&rsquo;abn\u00e9gation des &lsquo;Hassidim qu&rsquo;il d\u00e9l\u00e8gue dans ces pays et qui s&rsquo;acquittent fid\u00e8lement de la mission qu&rsquo;il leur confie, jusque dans les situations les plus difficiles, parfois m\u00eame en se mettant en danger, \u00e0 proprement parler.<br \/>\nForce est de constater la proximit\u00e9 du Rabbi des communaut\u00e9s s\u00e9farades, d\u00e8s qu&rsquo;il prit la direction des &lsquo;Hassidim. Les nombreuses r\u00e9ponses qu&rsquo;il donna \u00e0 ceux qui l&rsquo;interrogeaient en attestent et certaines d&rsquo;entre elles sont rappel\u00e9es ici. De fait, on conna\u00eet l&rsquo;immense amiti\u00e9 qui existait, d\u00e8s la premi\u00e8re g\u00e9n\u00e9ration du mouvement &lsquo;hassidique, entre le Baal Chem Tov et le saint Or Ha &lsquo;Haim, Rabbi &lsquo;Ham Benattar, qui naquit au Maroc.<\/p>\n<p>L&rsquo;action du Rabbi dans les diff\u00e9rents pays s\u00e9farade, pr\u00e9sent\u00e9e dans ces textes, qui, bien \u00e9videmment, ne pr\u00e9tendent pas \u00e0 l&rsquo;exhaustivit\u00e9, force v\u00e9ritablement l&rsquo;admiration. L&rsquo;int\u00e9r\u00eat du Rabbi pour chaque Juif, le souci de chaque d\u00e9tail, l&rsquo;attachement \u00e0 la finalit\u00e9 ultime ne se d\u00e9mentent pas, tout au long de ces textes.<\/p>\n","protected":false},"excerpt":{"rendered":"<div id=\"short_description_content\" class=\"rte align_justify\">L&rsquo;action du Rabbi de Loubavitch en terre d&rsquo;islam &#8211; R\u00e9cit et temoignage<\/div>\n","protected":false},"featured_media":417,"template":"","meta":[],"product_brand":[],"product_cat":[94,23],"product_tag":[114],"class_list":{"0":"post-416","1":"product","2":"type-product","3":"status-publish","4":"has-post-thumbnail","6":"product_cat-livres","7":"product_cat-non-classe","8":"product_tag-le-rabbi","10":"first","11":"outofstock","12":"shipping-taxable","13":"purchasable","14":"product-type-simple"},"_links":{"self":[{"href":"https:\/\/www.editions-loubavitch.fr\/index.php\/wp-json\/wp\/v2\/product\/416","targetHints":{"allow":["GET"]}}],"collection":[{"href":"https:\/\/www.editions-loubavitch.fr\/index.php\/wp-json\/wp\/v2\/product"}],"about":[{"href":"https:\/\/www.editions-loubavitch.fr\/index.php\/wp-json\/wp\/v2\/types\/product"}],"wp:featuredmedia":[{"embeddable":true,"href":"https:\/\/www.editions-loubavitch.fr\/index.php\/wp-json\/wp\/v2\/media\/417"}],"wp:attachment":[{"href":"https:\/\/www.editions-loubavitch.fr\/index.php\/wp-json\/wp\/v2\/media?parent=416"}],"wp:term":[{"taxonomy":"product_brand","embeddable":true,"href":"https:\/\/www.editions-loubavitch.fr\/index.php\/wp-json\/wp\/v2\/product_brand?post=416"},{"taxonomy":"product_cat","embeddable":true,"href":"https:\/\/www.editions-loubavitch.fr\/index.php\/wp-json\/wp\/v2\/product_cat?post=416"},{"taxonomy":"product_tag","embeddable":true,"href":"https:\/\/www.editions-loubavitch.fr\/index.php\/wp-json\/wp\/v2\/product_tag?post=416"}],"curies":[{"name":"wp","href":"https:\/\/api.w.org\/{rel}","templated":true}]}}