{"id":422,"date":"2018-12-27T18:51:27","date_gmt":"2018-12-27T17:51:27","guid":{"rendered":"http:\/\/www.editions-loubavitch.fr\/?post_type=product&#038;p=422"},"modified":"2025-11-23T11:37:22","modified_gmt":"2025-11-23T10:37:22","slug":"meguilat-esther","status":"publish","type":"product","link":"https:\/\/www.editions-loubavitch.fr\/index.php\/produit\/meguilat-esther\/","title":{"rendered":"MEGUILAT ESTHER"},"content":{"rendered":"<div id=\"short_description_content\" class=\"rte align_justify\">\n<p><strong>Comm\u00e9mor\u00e9s et r\u00e9alis\u00e9s<\/strong><\/p>\n<p>Parmi les Mitsvot de Pourim, nous trouvons la lecture de la Meguila &#8211; le livre d\u2019Esther &#8211; o\u00f9 lemiracle de Pourim est racont\u00e9<\/p>\n<p>Le Talmud nous enseigne que \u201ccelui qui lit la Meguila en arri\u00e8re n\u2019a pas accompli son obligation\u201d.Le Baal Chem Tov explique que \u201cen arri\u00e8re\u201d ne signifie pas seulement \u201cen commen\u00e7ant parla fin\u201d. Cela veut dire aussi que, celui qui lit la Meguila simplement comme une histoire ancienne,a manqu\u00e9 l\u2019essentiel.<\/p>\n<p>L\u2019histoire de Pourim s\u2019adresse \u00e0 notre monde et \u00e0 notre temps. Comme la M\u00e9guila elle-m\u00eamele proclame: lorsque nous c\u00e9l\u00e9brons Pourim chaque ann\u00e9e, les \u00e9v\u00e8nements miraculeux qui s\u2019yd\u00e9roul\u00e8rent sont \u201ccomm\u00e9mor\u00e9s et r\u00e9alis\u00e9s\u201d dans notre vie.<\/p>\n<p><strong>Haman, aujourd\u2019hui et autrefois<\/strong><\/p>\n<p>Il n\u2019est pas n\u00e9cessaire de chercher longtemps pour trouver les h\u00e9ritiers modernes d\u2019Haman.Aujourd\u2019hui, comme dans le pass\u00e9, certains veulent faire du peuple juif leur bouc \u00e9missaire et,D.ieu nous en pr\u00e9serve, cherchent \u00e0 l\u2019effacer de la surface de la terre. Mais, chaque fois qu\u2019ils sel\u00e8vent pour nous d\u00e9truire, la Main miraculeuse de D.ieu fait \u00e9chouer leurs plans.<\/p>\n<p><strong>De d\u00e9livrance en D\u00e9livrance<\/strong><\/p>\n<p>Tout au long de notre histoire, nous avons vu des miracles. Malgr\u00e9 des si\u00e8cles de pers\u00e9cution,nous avons surv\u00e9cu et prosp\u00e9r\u00e9, gr\u00e2ce \u00e0 D.ieu. Nous sommes pourtant rest\u00e9s en exil pendant pr\u00e8sde 2000 ans, esp\u00e9rant et priant pour la D\u00e9livrance finale et compl\u00e8te, celle qui mettra un terme pourtoujours aux souffrances et \u00e0 l\u2019exil. Puisse l\u2019observance de Pourim \u00eatre un pr\u00e9curseur de la venuede Machia\u2019h dont l\u2019arriv\u00e9e imminente apportera une vie meilleure \u00e0 toutes les nations du monde..<\/p>\n<\/div>\n","protected":false},"excerpt":{"rendered":"<div id=\"short_description_content\" class=\"rte align_justify\">\n<div id=\"short_description_content\" class=\"rte align_justify\">Comm\u00e9mor\u00e9s et r\u00e9alis\u00e9s Parmi les Mitsvot de Pourim, nous trouvons la lecture de la Meguila &#8211; le livre d\u2019Esther &#8211; o\u00f9 lemiracle de Pourim est racont\u00e9<\/div>\n<p class=\"buttons_bottom_block\">\n<\/div>\n","protected":false},"featured_media":423,"template":"","meta":[],"product_brand":[],"product_cat":[144,94],"product_tag":[133,123,134],"class_list":{"0":"post-422","1":"product","2":"type-product","3":"status-publish","4":"has-post-thumbnail","6":"product_cat-pourim","7":"product_cat-livres","8":"product_tag-meguila","9":"product_tag-perspectives-hassidique","10":"product_tag-pourim","12":"first","13":"instock","14":"shipping-taxable","15":"purchasable","16":"product-type-simple"},"_links":{"self":[{"href":"https:\/\/www.editions-loubavitch.fr\/index.php\/wp-json\/wp\/v2\/product\/422","targetHints":{"allow":["GET"]}}],"collection":[{"href":"https:\/\/www.editions-loubavitch.fr\/index.php\/wp-json\/wp\/v2\/product"}],"about":[{"href":"https:\/\/www.editions-loubavitch.fr\/index.php\/wp-json\/wp\/v2\/types\/product"}],"wp:featuredmedia":[{"embeddable":true,"href":"https:\/\/www.editions-loubavitch.fr\/index.php\/wp-json\/wp\/v2\/media\/423"}],"wp:attachment":[{"href":"https:\/\/www.editions-loubavitch.fr\/index.php\/wp-json\/wp\/v2\/media?parent=422"}],"wp:term":[{"taxonomy":"product_brand","embeddable":true,"href":"https:\/\/www.editions-loubavitch.fr\/index.php\/wp-json\/wp\/v2\/product_brand?post=422"},{"taxonomy":"product_cat","embeddable":true,"href":"https:\/\/www.editions-loubavitch.fr\/index.php\/wp-json\/wp\/v2\/product_cat?post=422"},{"taxonomy":"product_tag","embeddable":true,"href":"https:\/\/www.editions-loubavitch.fr\/index.php\/wp-json\/wp\/v2\/product_tag?post=422"}],"curies":[{"name":"wp","href":"https:\/\/api.w.org\/{rel}","templated":true}]}}