{"id":425,"date":"2018-12-27T18:53:42","date_gmt":"2018-12-27T17:53:42","guid":{"rendered":"http:\/\/www.editions-loubavitch.fr\/?post_type=product&#038;p=425"},"modified":"2025-11-23T11:37:55","modified_gmt":"2025-11-23T10:37:55","slug":"hitkacherout","status":"publish","type":"product","link":"https:\/\/www.editions-loubavitch.fr\/index.php\/produit\/hitkacherout\/","title":{"rendered":"HITKACHEROUT"},"content":{"rendered":"<div id=\"short_description_content\" class=\"rte align_justify\">\n<p>Hitkacherout R\u00e9flexions sur la relation particuli\u00e8re entre le Rabbi de Loubavitch et ses disciples, en cette g\u00e9n\u00e9ration<\/p>\n<\/div>\n","protected":false},"excerpt":{"rendered":"<div id=\"short_description_content\" class=\"rte align_justify\">\n<div id=\"short_description_content\" class=\"rte align_justify\">Hitkacherout R\u00e9flexions sur la relation particuli\u00e8re entre le Rabbi de Loubavitch et ses disciples, en cette g\u00e9n\u00e9ration<\/div>\n<\/div>\n","protected":false},"featured_media":426,"template":"","meta":[],"product_brand":[],"product_cat":[94,23],"product_tag":[114,123],"class_list":{"0":"post-425","1":"product","2":"type-product","3":"status-publish","4":"has-post-thumbnail","6":"product_cat-livres","7":"product_cat-non-classe","8":"product_tag-le-rabbi","9":"product_tag-perspectives-hassidique","11":"first","12":"outofstock","13":"shipping-taxable","14":"purchasable","15":"product-type-simple"},"_links":{"self":[{"href":"https:\/\/www.editions-loubavitch.fr\/index.php\/wp-json\/wp\/v2\/product\/425","targetHints":{"allow":["GET"]}}],"collection":[{"href":"https:\/\/www.editions-loubavitch.fr\/index.php\/wp-json\/wp\/v2\/product"}],"about":[{"href":"https:\/\/www.editions-loubavitch.fr\/index.php\/wp-json\/wp\/v2\/types\/product"}],"wp:featuredmedia":[{"embeddable":true,"href":"https:\/\/www.editions-loubavitch.fr\/index.php\/wp-json\/wp\/v2\/media\/426"}],"wp:attachment":[{"href":"https:\/\/www.editions-loubavitch.fr\/index.php\/wp-json\/wp\/v2\/media?parent=425"}],"wp:term":[{"taxonomy":"product_brand","embeddable":true,"href":"https:\/\/www.editions-loubavitch.fr\/index.php\/wp-json\/wp\/v2\/product_brand?post=425"},{"taxonomy":"product_cat","embeddable":true,"href":"https:\/\/www.editions-loubavitch.fr\/index.php\/wp-json\/wp\/v2\/product_cat?post=425"},{"taxonomy":"product_tag","embeddable":true,"href":"https:\/\/www.editions-loubavitch.fr\/index.php\/wp-json\/wp\/v2\/product_tag?post=425"}],"curies":[{"name":"wp","href":"https:\/\/api.w.org\/{rel}","templated":true}]}}