{"id":441,"date":"2018-12-28T12:20:46","date_gmt":"2018-12-28T11:20:46","guid":{"rendered":"http:\/\/www.editions-loubavitch.fr\/?post_type=product&#038;p=441"},"modified":"2025-11-23T11:37:38","modified_gmt":"2025-11-23T10:37:38","slug":"sefer-hamaamarim-yiddich-en-francais","status":"publish","type":"product","link":"https:\/\/www.editions-loubavitch.fr\/index.php\/produit\/sefer-hamaamarim-yiddich-en-francais\/","title":{"rendered":"SEFER HAMAAMARIM YIDDICH EN FRAN\u00c7AIS"},"content":{"rendered":"<div id=\"short_description_content\" class=\"rte align_justify\">\n<p>Le contenu de ce livre est un recueil de discours \u2018hassidiques, en H\u00e9breu \u201cMaamarim\u201c. Le Maamar est un texte commen\u00e7ant, de fa\u00e7on g\u00e9n\u00e9rale, par un verset ou une citation de nos Sages.Les Maamarim pr\u00e9sent\u00e9s ici furent r\u00e9dig\u00e9s en Yiddich et publi\u00e9s entre 1941 et 1945.<\/p>\n<\/div>\n","protected":false},"excerpt":{"rendered":"<div id=\"short_description_content\" class=\"rte align_justify\">\n<div id=\"short_description_content\" class=\"rte align_justify\">\n<p>Le contenu de ce livre est un recueil de discours \u2018hassidiques, en H\u00e9breu \u201cMaamarim\u201c. Le Maamar est un texte commen\u00e7ant, de fa\u00e7on g\u00e9n\u00e9rale, par un verset ou une citation de nos Sages.Les Maamarim pr\u00e9sent\u00e9s ici furent r\u00e9dig\u00e9s en Yiddich et publi\u00e9s entre 1941 et 1945.<\/p>\n<\/div>\n<\/div>\n","protected":false},"featured_media":442,"template":"","meta":[],"product_brand":[],"product_cat":[94,23],"product_tag":[123,120,121],"class_list":{"0":"post-441","1":"product","2":"type-product","3":"status-publish","4":"has-post-thumbnail","6":"product_cat-livres","7":"product_cat-non-classe","8":"product_tag-perspectives-hassidique","9":"product_tag-rabbi-precedent","10":"product_tag-rabbi-yossef-itshak","12":"first","13":"outofstock","14":"shipping-taxable","15":"purchasable","16":"product-type-simple"},"_links":{"self":[{"href":"https:\/\/www.editions-loubavitch.fr\/index.php\/wp-json\/wp\/v2\/product\/441","targetHints":{"allow":["GET"]}}],"collection":[{"href":"https:\/\/www.editions-loubavitch.fr\/index.php\/wp-json\/wp\/v2\/product"}],"about":[{"href":"https:\/\/www.editions-loubavitch.fr\/index.php\/wp-json\/wp\/v2\/types\/product"}],"wp:featuredmedia":[{"embeddable":true,"href":"https:\/\/www.editions-loubavitch.fr\/index.php\/wp-json\/wp\/v2\/media\/442"}],"wp:attachment":[{"href":"https:\/\/www.editions-loubavitch.fr\/index.php\/wp-json\/wp\/v2\/media?parent=441"}],"wp:term":[{"taxonomy":"product_brand","embeddable":true,"href":"https:\/\/www.editions-loubavitch.fr\/index.php\/wp-json\/wp\/v2\/product_brand?post=441"},{"taxonomy":"product_cat","embeddable":true,"href":"https:\/\/www.editions-loubavitch.fr\/index.php\/wp-json\/wp\/v2\/product_cat?post=441"},{"taxonomy":"product_tag","embeddable":true,"href":"https:\/\/www.editions-loubavitch.fr\/index.php\/wp-json\/wp\/v2\/product_tag?post=441"}],"curies":[{"name":"wp","href":"https:\/\/api.w.org\/{rel}","templated":true}]}}