{"id":443,"date":"2018-12-28T12:23:52","date_gmt":"2018-12-28T11:23:52","guid":{"rendered":"http:\/\/www.editions-loubavitch.fr\/?post_type=product&#038;p=443"},"modified":"2025-11-23T11:37:38","modified_gmt":"2025-11-23T10:37:38","slug":"des-merveilles-en-notre-generation","status":"publish","type":"product","link":"https:\/\/www.editions-loubavitch.fr\/index.php\/produit\/des-merveilles-en-notre-generation\/","title":{"rendered":"DES MERVEILLES EN NOTRE G\u00c9N\u00c9RATION"},"content":{"rendered":"<div id=\"short_description_content\" class=\"rte align_justify\">\n<p>Le pr\u00e9sent recueil rapporte non pas l\u2019histoire, mais les histoires du Rabbi. Tous ces r\u00e9cits sont v\u00e9ridiques et ils peuvent ais\u00e9ment \u00eatre v\u00e9rifi\u00e9s.\u00a0Mieux que toute biographie formelle, cet ouvrage saura donner l\u2019image la plus fid\u00e8le du Rabbi.<\/p>\n<\/div>\n","protected":false},"excerpt":{"rendered":"<div id=\"short_description_content\" class=\"rte align_justify\">\n<div id=\"short_description_content\" class=\"rte align_justify\">\n<p>Le pr\u00e9sent recueil rapporte non pas l\u2019histoire, mais les histoires du Rabbi. Tous ces r\u00e9cits sont v\u00e9ridiques et ils peuvent ais\u00e9ment \u00eatre v\u00e9rifi\u00e9s.\u00a0Mieux que toute biographie formelle, cet ouvrage saura donner l\u2019image la plus fid\u00e8le du Rabbi.<\/p>\n<\/div>\n<\/div>\n","protected":false},"featured_media":462,"template":"","meta":[],"product_brand":[],"product_cat":[94,23],"product_tag":[137,114,136],"class_list":{"0":"post-443","1":"product","2":"type-product","3":"status-publish","4":"has-post-thumbnail","6":"product_cat-livres","7":"product_cat-non-classe","8":"product_tag-histoires-juives","9":"product_tag-le-rabbi","10":"product_tag-recits","12":"first","13":"outofstock","14":"sale","15":"shipping-taxable","16":"purchasable","17":"product-type-simple"},"_links":{"self":[{"href":"https:\/\/www.editions-loubavitch.fr\/index.php\/wp-json\/wp\/v2\/product\/443","targetHints":{"allow":["GET"]}}],"collection":[{"href":"https:\/\/www.editions-loubavitch.fr\/index.php\/wp-json\/wp\/v2\/product"}],"about":[{"href":"https:\/\/www.editions-loubavitch.fr\/index.php\/wp-json\/wp\/v2\/types\/product"}],"wp:featuredmedia":[{"embeddable":true,"href":"https:\/\/www.editions-loubavitch.fr\/index.php\/wp-json\/wp\/v2\/media\/462"}],"wp:attachment":[{"href":"https:\/\/www.editions-loubavitch.fr\/index.php\/wp-json\/wp\/v2\/media?parent=443"}],"wp:term":[{"taxonomy":"product_brand","embeddable":true,"href":"https:\/\/www.editions-loubavitch.fr\/index.php\/wp-json\/wp\/v2\/product_brand?post=443"},{"taxonomy":"product_cat","embeddable":true,"href":"https:\/\/www.editions-loubavitch.fr\/index.php\/wp-json\/wp\/v2\/product_cat?post=443"},{"taxonomy":"product_tag","embeddable":true,"href":"https:\/\/www.editions-loubavitch.fr\/index.php\/wp-json\/wp\/v2\/product_tag?post=443"}],"curies":[{"name":"wp","href":"https:\/\/api.w.org\/{rel}","templated":true}]}}