{"id":500,"date":"2019-03-04T13:29:56","date_gmt":"2019-03-04T12:29:56","guid":{"rendered":"http:\/\/www.editions-loubavitch.fr\/?post_type=product&#038;p=500"},"modified":"2025-11-23T11:38:13","modified_gmt":"2025-11-23T10:38:13","slug":"la-hagadah-de-pessah","status":"publish","type":"product","link":"https:\/\/www.editions-loubavitch.fr\/index.php\/produit\/la-hagadah-de-pessah\/","title":{"rendered":"LA HAGGADAH DE PESSA&rsquo;H\ufeff"},"content":{"rendered":"<p>L&rsquo;objectif de la pr\u00e9sente \u00e9dition de la Haggadah de Pessa&rsquo;h est de mettre \u00e0 la disposition du public francophone un inventaire complet des coutumes Loubavitch relatives \u00e0 la f\u00eate de Pessa&rsquo;h et au S\u00e9der, \u00e9tabli d&rsquo;apr\u00e8s la Haggadah du Rabbi, mais aussi ses diff\u00e9rentes oeuvres actuellement imprim\u00e9es, Iguerot Kodech, Likoute\u00ef Si&rsquo;hot, Itvaadouyot et Rechimot.<br \/>\nOn trouvera \u00e9galement dans ce recueil la description de comportements que l&rsquo;on observa chez le Rabbi lui-m\u00eame, lorsqu&rsquo;il c\u00e9l\u00e9brait le S\u00e9der.<br \/>\nParfois, quelques r\u00e9p\u00e9titions ont \u00e9t\u00e9 introduites dans l&rsquo;\u00e9nonc\u00e9 de ces explications, dans un soucis de clart\u00e9, afin que l&rsquo;on soit en mesure de retrouver les instructions sur la mani\u00e8re de c\u00e9l\u00e9brer le S\u00e9der chaque fois que celles-ci sont n\u00e9cessaires.<br \/>\nCette Haggadah pr\u00e9sente \u00e9galement un aper\u00e7u des commentaires que la `Hassidout d\u00e9veloppe, \u00e0 propos de la f\u00eate de Pessa&rsquo;h. Elle pr\u00e9sente la dimension profonde de ses diff\u00e9rentes \u00e9tapes. Elle relate \u00e9galement de quelle mani\u00e8re nos ma\u00eetres c\u00e9l\u00e9br\u00e8rent eux-m\u00eames Pessa&rsquo;h et le S\u00e9der.<br \/>\nDe la sorte, cet ouvrage apporte \u00e0 chacun le moyen de r\u00e9aliser et de commenter un S\u00e9der en tous points conforme aux enseignements des ma\u00eetres de Loubavitch et, en particulier \u00e0 ceux du Rabbi, chef de notre g\u00e9n\u00e9ration.<\/p>\n","protected":false},"excerpt":{"rendered":"<div id=\"short_description_content\" class=\"rte align_justify\">La Haggadah de Pessa&rsquo;h Comment\u00e9 d&rsquo;apr\u00e8s les enseignements du Rabbi de Loubavitch avec\u00a0 un inventaire complet des coutumes Loubavitch relatives \u00e0 la f\u00eate de Pessa&rsquo;h et au S\u00e9der<\/div>\n","protected":false},"featured_media":409,"template":"","meta":[],"product_brand":[],"product_cat":[145,94],"product_tag":[125,114,123,124],"class_list":{"0":"post-500","1":"product","2":"type-product","3":"status-publish","4":"has-post-thumbnail","6":"product_cat-pessah","7":"product_cat-livres","8":"product_tag-hagadda","9":"product_tag-le-rabbi","10":"product_tag-perspectives-hassidique","11":"product_tag-pessah","13":"first","14":"outofstock","15":"shipping-taxable","16":"purchasable","17":"product-type-simple"},"_links":{"self":[{"href":"https:\/\/www.editions-loubavitch.fr\/index.php\/wp-json\/wp\/v2\/product\/500","targetHints":{"allow":["GET"]}}],"collection":[{"href":"https:\/\/www.editions-loubavitch.fr\/index.php\/wp-json\/wp\/v2\/product"}],"about":[{"href":"https:\/\/www.editions-loubavitch.fr\/index.php\/wp-json\/wp\/v2\/types\/product"}],"wp:featuredmedia":[{"embeddable":true,"href":"https:\/\/www.editions-loubavitch.fr\/index.php\/wp-json\/wp\/v2\/media\/409"}],"wp:attachment":[{"href":"https:\/\/www.editions-loubavitch.fr\/index.php\/wp-json\/wp\/v2\/media?parent=500"}],"wp:term":[{"taxonomy":"product_brand","embeddable":true,"href":"https:\/\/www.editions-loubavitch.fr\/index.php\/wp-json\/wp\/v2\/product_brand?post=500"},{"taxonomy":"product_cat","embeddable":true,"href":"https:\/\/www.editions-loubavitch.fr\/index.php\/wp-json\/wp\/v2\/product_cat?post=500"},{"taxonomy":"product_tag","embeddable":true,"href":"https:\/\/www.editions-loubavitch.fr\/index.php\/wp-json\/wp\/v2\/product_tag?post=500"}],"curies":[{"name":"wp","href":"https:\/\/api.w.org\/{rel}","templated":true}]}}