{"id":504,"date":"2019-03-05T11:00:07","date_gmt":"2019-03-05T10:00:07","guid":{"rendered":"http:\/\/www.editions-loubavitch.fr\/?post_type=product&#038;p=504"},"modified":"2025-11-23T11:37:46","modified_gmt":"2025-11-23T10:37:46","slug":"hayom-yom","status":"publish","type":"product","link":"https:\/\/www.editions-loubavitch.fr\/index.php\/produit\/hayom-yom\/","title":{"rendered":"Hayom yom"},"content":{"rendered":"<div id=\"short_description_content\" class=\"rte align_justify\">\n<p>Hayom Yom se pr\u00e9sente sous la forme d&rsquo;un calendrier de l&rsquo;ann\u00e9e 5703 o\u00f9 est pr\u00e9cis\u00e9, pour chaque jour, les passages de la Thora que chacun doit \u00e9tudier et lire, quelques coutumes &lsquo;hassidiques et une pens\u00e9e issue de la &lsquo;Hassidout, dont le but est de convier \u00e0 la r\u00e9flexion.<br \/>\nL&rsquo;ann\u00e9e 5703 est pass\u00e9e depuis bien longtemps, mais les enseignements qui se trouvent consign\u00e9s dans ce recueil sont \u00e9ternels.Leur application nous permettra assur\u00e9ment de vivre diff\u00e9remment les tous derniers instants de l&rsquo;exil et de nous pr\u00e9parer \u00e0 l&rsquo;intense r\u00e9v\u00e9lation de la d\u00e9livrance messianique.<\/p>\n<\/div>\n","protected":false},"excerpt":{"rendered":"<div id=\"short_description_content\" class=\"rte align_justify\">\n<div id=\"short_description_content\" class=\"rte align_justify\">\n<p>Hayom Yom se pr\u00e9sente sous la forme d&rsquo;un calendrier de l&rsquo;ann\u00e9e 5703 o\u00f9 est pr\u00e9cis\u00e9, pour chaque jour, les passages de la Thora que chacun doit \u00e9tudier et lire, quelques coutumes &lsquo;hassidiques et une pens\u00e9e issue de la &lsquo;Hassidout, dont le but est de convier \u00e0 la r\u00e9flexion.<\/p>\n<\/div>\n<\/div>\n","protected":false},"featured_media":505,"template":"","meta":[],"product_brand":[],"product_cat":[94,23],"product_tag":[138,114,123],"class_list":{"0":"post-504","1":"product","2":"type-product","3":"status-publish","4":"has-post-thumbnail","6":"product_cat-livres","7":"product_cat-non-classe","8":"product_tag-coutumes-hassidiques","9":"product_tag-le-rabbi","10":"product_tag-perspectives-hassidique","12":"first","13":"outofstock","14":"shipping-taxable","15":"purchasable","16":"product-type-simple"},"_links":{"self":[{"href":"https:\/\/www.editions-loubavitch.fr\/index.php\/wp-json\/wp\/v2\/product\/504","targetHints":{"allow":["GET"]}}],"collection":[{"href":"https:\/\/www.editions-loubavitch.fr\/index.php\/wp-json\/wp\/v2\/product"}],"about":[{"href":"https:\/\/www.editions-loubavitch.fr\/index.php\/wp-json\/wp\/v2\/types\/product"}],"wp:featuredmedia":[{"embeddable":true,"href":"https:\/\/www.editions-loubavitch.fr\/index.php\/wp-json\/wp\/v2\/media\/505"}],"wp:attachment":[{"href":"https:\/\/www.editions-loubavitch.fr\/index.php\/wp-json\/wp\/v2\/media?parent=504"}],"wp:term":[{"taxonomy":"product_brand","embeddable":true,"href":"https:\/\/www.editions-loubavitch.fr\/index.php\/wp-json\/wp\/v2\/product_brand?post=504"},{"taxonomy":"product_cat","embeddable":true,"href":"https:\/\/www.editions-loubavitch.fr\/index.php\/wp-json\/wp\/v2\/product_cat?post=504"},{"taxonomy":"product_tag","embeddable":true,"href":"https:\/\/www.editions-loubavitch.fr\/index.php\/wp-json\/wp\/v2\/product_tag?post=504"}],"curies":[{"name":"wp","href":"https:\/\/api.w.org\/{rel}","templated":true}]}}