{"id":527,"date":"2019-05-07T14:17:24","date_gmt":"2019-05-07T12:17:24","guid":{"rendered":"http:\/\/www.editions-loubavitch.fr\/?post_type=product&#038;p=527"},"modified":"2025-11-23T11:38:04","modified_gmt":"2025-11-23T10:38:04","slug":"likoutei-sihot-serie-21-1","status":"publish","type":"product","link":"https:\/\/www.editions-loubavitch.fr\/index.php\/produit\/likoutei-sihot-serie-21-1\/","title":{"rendered":"LIKOUTEI SI\u2019HOT S\u00c9RIE 21 (DE 1 \u00c0 3)"},"content":{"rendered":"<p>Likoutei Si\u2019hot\u00a0sur les 3 parachiot\u00a0 Berechit Chemot Vayikra \u00a0De nombreux enseignements du Rabbi de Loubavitch, discours \u2018hassidiques, explications donn\u00e9es \u00e0 l\u2019occasion d\u2019une intervention publique, causeries, lettres, notes qu\u2019il r\u00e9digea pour son usage personnel, ont \u00e9t\u00e9 pr\u00e9sent\u00e9s, ces derni\u00e8res ann\u00e9es, au public francophone.<\/p>\n","protected":false},"excerpt":{"rendered":"<p>Likoutei Si\u2019hot\u00a0sur les 3 parachiot\u00a0 Berechit Chemot Vayikra De nombreux enseignements du Rabbi de Loubavitch, discours \u2018hassidiques, explications donn\u00e9es \u00e0 l\u2019occasion d\u2019une intervention publique, causeries, lettres, notes qu\u2019il r\u00e9digea pour son usage personnel, ont \u00e9t\u00e9 pr\u00e9sent\u00e9s, ces derni\u00e8res ann\u00e9es, au public francophone.<\/p>\n","protected":false},"featured_media":528,"template":"","meta":[],"product_brand":[],"product_cat":[99,94],"product_tag":[114,112,98],"class_list":{"0":"post-527","1":"product","2":"type-product","3":"status-publish","4":"has-post-thumbnail","6":"product_cat-likoutei-sihot","7":"product_cat-livres","8":"product_tag-le-rabbi","9":"product_tag-likoutei-sihot","10":"product_tag-livres","12":"first","13":"instock","14":"shipping-taxable","15":"purchasable","16":"product-type-simple"},"_links":{"self":[{"href":"https:\/\/www.editions-loubavitch.fr\/index.php\/wp-json\/wp\/v2\/product\/527","targetHints":{"allow":["GET"]}}],"collection":[{"href":"https:\/\/www.editions-loubavitch.fr\/index.php\/wp-json\/wp\/v2\/product"}],"about":[{"href":"https:\/\/www.editions-loubavitch.fr\/index.php\/wp-json\/wp\/v2\/types\/product"}],"wp:featuredmedia":[{"embeddable":true,"href":"https:\/\/www.editions-loubavitch.fr\/index.php\/wp-json\/wp\/v2\/media\/528"}],"wp:attachment":[{"href":"https:\/\/www.editions-loubavitch.fr\/index.php\/wp-json\/wp\/v2\/media?parent=527"}],"wp:term":[{"taxonomy":"product_brand","embeddable":true,"href":"https:\/\/www.editions-loubavitch.fr\/index.php\/wp-json\/wp\/v2\/product_brand?post=527"},{"taxonomy":"product_cat","embeddable":true,"href":"https:\/\/www.editions-loubavitch.fr\/index.php\/wp-json\/wp\/v2\/product_cat?post=527"},{"taxonomy":"product_tag","embeddable":true,"href":"https:\/\/www.editions-loubavitch.fr\/index.php\/wp-json\/wp\/v2\/product_tag?post=527"}],"curies":[{"name":"wp","href":"https:\/\/api.w.org\/{rel}","templated":true}]}}